{"id":2597,"date":"2023-03-22T20:51:55","date_gmt":"2023-03-22T20:51:55","guid":{"rendered":"https:\/\/moisessanchezms.com\/?page_id=2597"},"modified":"2023-04-03T18:49:41","modified_gmt":"2023-04-03T18:49:41","slug":"coordinates-of-love","status":"publish","type":"page","link":"https:\/\/moisessanchezms.com\/es\/coordinates-of-love\/","title":{"rendered":"Coordenadas del amor"},"content":{"rendered":"<div data-elementor-type=\"wp-page\" data-elementor-id=\"2597\" class=\"elementor elementor-2597\" data-elementor-post-type=\"page\">\n\t\t\t\t\t\t<section class=\"elementor-section elementor-top-section elementor-element elementor-element-2e30d091 elementor-section-full_width elementor-reverse-tablet elementor-reverse-mobile elementor-section-height-default elementor-section-height-default\" data-id=\"2e30d091\" data-element_type=\"section\" data-e-type=\"section\" data-settings=\"{&quot;background_background&quot;:&quot;classic&quot;}\">\n\t\t\t\t\t\t<div class=\"elementor-container elementor-column-gap-default\">\n\t\t\t\t\t<div class=\"elementor-column elementor-col-50 elementor-top-column elementor-element elementor-element-6609ea08\" data-id=\"6609ea08\" data-element_type=\"column\" data-e-type=\"column\">\n\t\t\t<div class=\"elementor-widget-wrap elementor-element-populated\">\n\t\t\t\t\t\t<div class=\"elementor-element elementor-element-659367cd elementor-widget elementor-widget-hub_fancy_heading\" data-id=\"659367cd\" data-element_type=\"widget\" data-e-type=\"widget\" data-widget_type=\"hub_fancy_heading.default\">\n\t\t\t\t<div class=\"elementor-widget-container\">\n\t\t\t\t\t\n\t\t<div id=\"ld-fancy-heading-69e9a9dd63bf4\" class=\"ld-fancy-heading pos-rel\">\n\t\t\t<h2 class=\"ld-fh-element d-inline-block pos-rel  elementor-heading-title lqd-highlight-classic lqd-highlight-grow-left h2\"  > Coordenadas del amor\n<\/h2>\t\t<\/div>\n\n\t\t\t\t\t\t<\/div>\n\t\t\t\t<\/div>\n\t\t\t\t<div class=\"elementor-element elementor-element-d0fbb07 elementor-widget elementor-widget-hub_fancy_heading\" data-id=\"d0fbb07\" data-element_type=\"widget\" data-e-type=\"widget\" data-widget_type=\"hub_fancy_heading.default\">\n\t\t\t\t<div class=\"elementor-widget-container\">\n\t\t\t\t\t\n\t\t<div id=\"ld-fancy-heading-69e9a9dd645ac\" class=\"ld-fancy-heading pos-rel\">\n\t\t\t<p class=\"ld-fh-element d-inline-block pos-rel  lqd-highlight-classic lqd-highlight-grow-left p\"  > Gui\u00f3n de cortometraje (Rom\u00e1ntico)\n<br>\nUna historia art\u00edstica y rom\u00e1ntica en la que el amor se revela de una forma ins\u00f3lita\n<\/p>\t\t<\/div>\n\n\t\t\t\t\t\t<\/div>\n\t\t\t\t<\/div>\n\t\t\t\t<div class=\"elementor-element elementor-element-0372b12 elementor-widget elementor-widget-ld_list\" data-id=\"0372b12\" data-element_type=\"widget\" data-e-type=\"widget\" data-widget_type=\"ld_list.default\">\n\t\t\t\t<div class=\"elementor-widget-container\">\n\t\t\t\t\t\t\t\n\t\t<div class=\"lqd-bullet-list\">\n\t\t\t<ul class=\"bullet-list-ul reset-ul\">\n\t\t\t\t\t\t\t\t\t\t<li class=\"d-flex align-items-center\">- Personajes: Ekaterina y Motka<\/li>\n\t\t\t\t\t\t\t\t\t\t<li class=\"d-flex align-items-center\">- Personajes secundarios: Ricardo comprador de arte<\/li>\n\t\t\t\t\t\t\t\t\t\t<li class=\"d-flex align-items-center\">- Longitud aprox. 11 minutos<\/li>\n\t\t\t\t\t\t\t<\/ul>\n\t\t<\/div>\n\n\t\t\t\t\t\t<\/div>\n\t\t\t\t<\/div>\n\t\t\t\t<div class=\"elementor-element elementor-element-17eb036d elementor-widget elementor-widget-ld_button\" data-id=\"17eb036d\" data-element_type=\"widget\" data-e-type=\"widget\" data-widget_type=\"ld_button.default\">\n\t\t\t\t<div class=\"elementor-widget-container\">\n\t\t\t\t\t\n\t\t\t<a\n\t\t\t\thref=\"mailto:moisessanchezmspro@gmail.com\"class=\"elementor-button btn btn-solid btn-hover-txt-liquid-y btn-icon-shaped btn-has-label\"\t\t\t>\n\t\t\t\t\t\t\t\t\t<span data-text=\"PDFs for purchase. Inquire\" class=\"btn-txt\" data-transition-delay=\"true\" data-delay-options=\"{&quot;elements&quot;: &quot;.lqd-chars&quot;, &quot;delayType&quot;: &quot;animation&quot;, &quot;startDelay&quot;: 0, &quot;delayBetween&quot;: 32.5}\" data-split-text=\"true\" data-split-options=\"{&quot;type&quot;: &quot;chars, words&quot;}\">\n\t\t\t\t\t\tPDF para comprar. Preguntar\t\t\t\t\t<\/span>\n\t\t\t\t\t\t\t\t\t\t\t<\/a>\n\t\t\t\t\t\t\t<\/div>\n\t\t\t\t<\/div>\n\t\t\t\t<div class=\"elementor-element elementor-element-cbf43cf elementor-widget elementor-widget-text-editor\" data-id=\"cbf43cf\" data-element_type=\"widget\" data-e-type=\"widget\" data-widget_type=\"text-editor.default\">\n\t\t\t\t<div class=\"elementor-widget-container\">\n\t\t\t\t\t\t\t\t\tPuedes comprarlo en ingl\u00e9s o espa\u00f1ol. Env\u00edeme un correo electr\u00f3nico para los acuerdos legales antes de la compra.\t\t\t\t\t\t\t\t<\/div>\n\t\t\t\t<\/div>\n\t\t\t\t\t<\/div>\n\t\t<\/div>\n\t\t\t\t<div class=\"elementor-column elementor-col-50 elementor-top-column elementor-element elementor-element-1fa7d7cf\" data-id=\"1fa7d7cf\" data-element_type=\"column\" data-e-type=\"column\" data-settings=\"{&quot;background_background&quot;:&quot;classic&quot;}\">\n\t\t\t<div class=\"elementor-widget-wrap elementor-element-populated\">\n\t\t\t\t\t\t<div class=\"elementor-element elementor-element-d3b92c0 elementor-widget elementor-widget-image\" data-id=\"d3b92c0\" data-element_type=\"widget\" data-e-type=\"widget\" data-widget_type=\"image.default\">\n\t\t\t\t<div class=\"elementor-widget-container\">\n\t\t\t\t\t\t\t\t\t\t\t\t\t\t\t<img fetchpriority=\"high\" decoding=\"async\" width=\"729\" height=\"897\" src=\"https:\/\/moisessanchezms.com\/wp-content\/uploads\/2023\/03\/Col.jpeg\" class=\"attachment-large size-large wp-image-2599\" alt=\"\" srcset=\"https:\/\/moisessanchezms.com\/wp-content\/uploads\/2023\/03\/Col.jpeg 729w, https:\/\/moisessanchezms.com\/wp-content\/uploads\/2023\/03\/Col-244x300.jpeg 244w, https:\/\/moisessanchezms.com\/wp-content\/uploads\/2023\/03\/Col-10x12.jpeg 10w\" sizes=\"(max-width: 729px) 100vw, 729px\" \/>\t\t\t\t\t\t\t\t\t\t\t\t\t\t\t<\/div>\n\t\t\t\t<\/div>\n\t\t\t\t<div class=\"elementor-element elementor-element-d43845e elementor-widget elementor-widget-hub_fancy_heading\" data-id=\"d43845e\" data-element_type=\"widget\" data-e-type=\"widget\" data-widget_type=\"hub_fancy_heading.default\">\n\t\t\t\t<div class=\"elementor-widget-container\">\n\t\t\t\t\t\n\t\t<div id=\"ld-fancy-heading-69e9a9dd6861e\" class=\"ld-fancy-heading pos-rel\">\n\t\t\t<h2 class=\"ld-fh-element d-inline-block pos-rel  elementor-heading-title lqd-highlight-classic lqd-highlight-grow-left h2\"  > Guionista Mois\u00e9s S\u00e1nchez\n<\/h2>\t\t<\/div>\n\n\t\t\t\t\t\t<\/div>\n\t\t\t\t<\/div>\n\t\t\t\t\t<\/div>\n\t\t<\/div>\n\t\t\t\t\t<\/div>\n\t\t<\/section>\n\t\t\t\t<section class=\"elementor-section elementor-top-section elementor-element elementor-element-141edbe elementor-reverse-mobile elementor-section-boxed elementor-section-height-default elementor-section-height-default\" data-id=\"141edbe\" data-element_type=\"section\" data-e-type=\"section\" data-settings=\"{&quot;background_background&quot;:&quot;classic&quot;}\">\n\t\t\t\t\t\t<div class=\"elementor-container elementor-column-gap-default\">\n\t\t\t\t\t<div class=\"elementor-column elementor-col-50 elementor-top-column elementor-element elementor-element-8f4d745\" data-id=\"8f4d745\" data-element_type=\"column\" data-e-type=\"column\">\n\t\t\t<div class=\"elementor-widget-wrap elementor-element-populated\">\n\t\t\t\t\t\t<div class=\"elementor-element elementor-element-8bf9042 elementor-widget elementor-widget-hub_fancy_heading\" data-id=\"8bf9042\" data-element_type=\"widget\" data-e-type=\"widget\" data-widget_type=\"hub_fancy_heading.default\">\n\t\t\t\t<div class=\"elementor-widget-container\">\n\t\t\t\t\t\n\t\t<div id=\"ld-fancy-heading-69e9a9dd68f3c\" class=\"ld-fancy-heading pos-rel\">\n\t\t\t<p class=\"ld-fh-element d-inline-block pos-rel  lqd-highlight-classic lqd-highlight-grow-left p\"  > Sinopsis<\/p>\t\t<\/div>\n\n\t\t\t\t\t\t<\/div>\n\t\t\t\t<\/div>\n\t\t\t\t<div class=\"elementor-element elementor-element-8fd9c31 elementor-widget elementor-widget-text-editor\" data-id=\"8fd9c31\" data-element_type=\"widget\" data-e-type=\"widget\" data-widget_type=\"text-editor.default\">\n\t\t\t\t<div class=\"elementor-widget-container\">\n\t\t\t\t\t\t\t\t\tEkaterina es una pintora de San Petersburgo (Rusia) que vive en Nueva York y Motka es un buen amigo, comerciante de arte y promotor, que vino desde Berl\u00edn para ver la producci\u00f3n art\u00edstica reciente de Ekaterina. Sin embargo, la pandemia obliga a Motka a quedarse unos d\u00edas atrapada en Manhattan y Ekaterina a cerrar su galer\u00eda de arte, por lo que le ofrece quedarse en su casa durante la cuarentena. Siempre ha existido una atracci\u00f3n entre ellos, pero han preferido mantener una amistad, sin embargo en el tiempo de cuarentena entre el arte y las charlas ocurrir\u00e1n algunas situaciones que los acercar\u00e1n al amor.\t\t\t\t\t\t\t\t<\/div>\n\t\t\t\t<\/div>\n\t\t\t\t<div class=\"elementor-element elementor-element-b1d42b6 elementor-widget elementor-widget-hub_fancy_heading\" data-id=\"b1d42b6\" data-element_type=\"widget\" data-e-type=\"widget\" data-widget_type=\"hub_fancy_heading.default\">\n\t\t\t\t<div class=\"elementor-widget-container\">\n\t\t\t\t\t\n\t\t<div id=\"ld-fancy-heading-69e9a9dd6a082\" class=\"ld-fancy-heading pos-rel\">\n\t\t\t<p class=\"ld-fh-element d-inline-block pos-rel  lqd-highlight-classic lqd-highlight-grow-left p\"  > Nota del programa\n<\/p>\t\t<\/div>\n\n\t\t\t\t\t\t<\/div>\n\t\t\t\t<\/div>\n\t\t\t\t<div class=\"elementor-element elementor-element-680eb8a elementor-widget elementor-widget-text-editor\" data-id=\"680eb8a\" data-element_type=\"widget\" data-e-type=\"widget\" data-widget_type=\"text-editor.default\">\n\t\t\t\t<div class=\"elementor-widget-container\">\n\t\t\t\t\t\t\t\t\tEscrib\u00ed este corto inspirado en esos secretos que guardamos en lo m\u00e1s profundo de nuestro coraz\u00f3n y que solo en nuestro confidente (el arte) podemos dejarlos a salvo. Pero a veces esp\u00edritus perceptivos pueden traspasar el borde de nuestra burbuja y cuando menos lo deseamos nos sentimos invadidos sublimemente, porque nuestra esencia siente la presencia de un visitante intr\u00e9pido y nos volvemos inseguros y evasivos. A lo largo de mi vida he sido un enamorado del arte, me encanta ir a galer\u00edas de arte y contemplar las diferentes expresiones art\u00edsticas o ver a un pintor en su proceso de creaci\u00f3n es realmente fabuloso, tambi\u00e9n disfruto haciendo documentales sobre pintores o escultores.\t\t\t\t\t\t\t\t<\/div>\n\t\t\t\t<\/div>\n\t\t\t\t\t<\/div>\n\t\t<\/div>\n\t\t\t\t<div class=\"elementor-column elementor-col-50 elementor-top-column elementor-element elementor-element-1319059\" data-id=\"1319059\" data-element_type=\"column\" data-e-type=\"column\">\n\t\t\t<div class=\"elementor-widget-wrap elementor-element-populated\">\n\t\t\t\t\t\t<div class=\"elementor-element elementor-element-06b578f elementor-widget elementor-widget-video\" data-id=\"06b578f\" data-element_type=\"widget\" data-e-type=\"widget\" data-settings=\"{&quot;youtube_url&quot;:&quot;https:\\\/\\\/www.youtube.com\\\/watch?v=fNnYUTmLZ88&quot;,&quot;video_type&quot;:&quot;youtube&quot;,&quot;controls&quot;:&quot;yes&quot;}\" data-widget_type=\"video.default\">\n\t\t\t\t<div class=\"elementor-widget-container\">\n\t\t\t\t\t\t\t<div class=\"elementor-wrapper elementor-open-inline\">\n\t\t\t<div class=\"elementor-video\"><\/div>\t\t<\/div>\n\t\t\t\t\t\t<\/div>\n\t\t\t\t<\/div>\n\t\t\t\t\t<\/div>\n\t\t<\/div>\n\t\t\t\t\t<\/div>\n\t\t<\/section>\n\t\t\t\t<\/div>","protected":false},"excerpt":{"rendered":"<p>Coordinates of Love Short film script (Romantic) An artistic and romantic story in which love is revealed in an unusual way &#8211; Characters: Ekaterina and Motka &#8211; Secondary characters: Ricardo art buyer &#8211; Length ca. 11 min PDFs for purchase. Inquire You can buy it in English or Spanish. Email me for legal agreements prior [&hellip;]<\/p>","protected":false},"author":2,"featured_media":0,"parent":0,"menu_order":0,"comment_status":"closed","ping_status":"closed","template":"","meta":{"footnotes":""},"class_list":["post-2597","page","type-page","status-publish","hentry"],"yoast_head":"<!-- This site is optimized with the Yoast SEO plugin v27.2 - https:\/\/yoast.com\/product\/yoast-seo-wordpress\/ -->\n<title>Coordinates of Love - M O I S E S S A N C H E Z<\/title>\n<meta name=\"robots\" content=\"index, follow, max-snippet:-1, max-image-preview:large, max-video-preview:-1\" \/>\n<link rel=\"canonical\" href=\"https:\/\/moisessanchezms.com\/es\/coordinates-of-love\/\" \/>\n<meta property=\"og:locale\" content=\"es_ES\" \/>\n<meta property=\"og:type\" content=\"article\" \/>\n<meta property=\"og:title\" content=\"Coordinates of Love - M O I S E S S A N C H E Z\" \/>\n<meta property=\"og:description\" content=\"Coordinates of Love Short film script (Romantic) An artistic and romantic story in which love is revealed in an unusual way &#8211; Characters: Ekaterina and Motka &#8211; Secondary characters: Ricardo art buyer &#8211; Length ca. 11 min PDFs for purchase. Inquire You can buy it in English or Spanish. Email me for legal agreements prior [&hellip;]\" \/>\n<meta property=\"og:url\" content=\"https:\/\/moisessanchezms.com\/es\/coordinates-of-love\/\" \/>\n<meta property=\"og:site_name\" content=\"M O I S E S S A N C H E Z\" \/>\n<meta property=\"article:modified_time\" content=\"2023-04-03T18:49:41+00:00\" \/>\n<meta property=\"og:image\" content=\"https:\/\/moisessanchezms.com\/wp-content\/uploads\/2023\/03\/Col.jpeg\" \/>\n\t<meta property=\"og:image:width\" content=\"729\" \/>\n\t<meta property=\"og:image:height\" content=\"897\" \/>\n\t<meta property=\"og:image:type\" content=\"image\/jpeg\" \/>\n<meta name=\"twitter:card\" content=\"summary_large_image\" \/>\n<meta name=\"twitter:label1\" content=\"Tiempo de lectura\" \/>\n\t<meta name=\"twitter:data1\" content=\"1 minuto\" \/>\n<script type=\"application\/ld+json\" class=\"yoast-schema-graph\">{\"@context\":\"https:\/\/schema.org\",\"@graph\":[{\"@type\":\"WebPage\",\"@id\":\"https:\/\/moisessanchezms.com\/es\/coordinates-of-love\/\",\"url\":\"https:\/\/moisessanchezms.com\/es\/coordinates-of-love\/\",\"name\":\"Coordinates of Love - M O I S E S S A N C H E Z\",\"isPartOf\":{\"@id\":\"https:\/\/moisessanchezms.com\/en\/#website\"},\"primaryImageOfPage\":{\"@id\":\"https:\/\/moisessanchezms.com\/es\/coordinates-of-love\/#primaryimage\"},\"image\":{\"@id\":\"https:\/\/moisessanchezms.com\/es\/coordinates-of-love\/#primaryimage\"},\"thumbnailUrl\":\"https:\/\/moisessanchezms.com\/wp-content\/uploads\/2023\/03\/Col.jpeg\",\"datePublished\":\"2023-03-22T20:51:55+00:00\",\"dateModified\":\"2023-04-03T18:49:41+00:00\",\"breadcrumb\":{\"@id\":\"https:\/\/moisessanchezms.com\/es\/coordinates-of-love\/#breadcrumb\"},\"inLanguage\":\"es\",\"potentialAction\":[{\"@type\":\"ReadAction\",\"target\":[\"https:\/\/moisessanchezms.com\/es\/coordinates-of-love\/\"]}]},{\"@type\":\"ImageObject\",\"inLanguage\":\"es\",\"@id\":\"https:\/\/moisessanchezms.com\/es\/coordinates-of-love\/#primaryimage\",\"url\":\"https:\/\/moisessanchezms.com\/wp-content\/uploads\/2023\/03\/Col.jpeg\",\"contentUrl\":\"https:\/\/moisessanchezms.com\/wp-content\/uploads\/2023\/03\/Col.jpeg\"},{\"@type\":\"BreadcrumbList\",\"@id\":\"https:\/\/moisessanchezms.com\/es\/coordinates-of-love\/#breadcrumb\",\"itemListElement\":[{\"@type\":\"ListItem\",\"position\":1,\"name\":\"Home\",\"item\":\"https:\/\/moisessanchezms.com\/en\/\"},{\"@type\":\"ListItem\",\"position\":2,\"name\":\"Coordinates of Love\"}]},{\"@type\":\"WebSite\",\"@id\":\"https:\/\/moisessanchezms.com\/en\/#website\",\"url\":\"https:\/\/moisessanchezms.com\/en\/\",\"name\":\"M O I S E S S A N C H E Z\",\"description\":\"My Life Is Spent Between Music, Cinema And Education\",\"potentialAction\":[{\"@type\":\"SearchAction\",\"target\":{\"@type\":\"EntryPoint\",\"urlTemplate\":\"https:\/\/moisessanchezms.com\/en\/?s={search_term_string}\"},\"query-input\":{\"@type\":\"PropertyValueSpecification\",\"valueRequired\":true,\"valueName\":\"search_term_string\"}}],\"inLanguage\":\"es\"}]}<\/script>\n<!-- \/ Yoast SEO plugin. -->","yoast_head_json":{"title":"Coordinates of Love - M O I S E S S A N C H E Z","robots":{"index":"index","follow":"follow","max-snippet":"max-snippet:-1","max-image-preview":"max-image-preview:large","max-video-preview":"max-video-preview:-1"},"canonical":"https:\/\/moisessanchezms.com\/es\/coordinates-of-love\/","og_locale":"es_ES","og_type":"article","og_title":"Coordinates of Love - M O I S E S S A N C H E Z","og_description":"Coordinates of Love Short film script (Romantic) An artistic and romantic story in which love is revealed in an unusual way &#8211; Characters: Ekaterina and Motka &#8211; Secondary characters: Ricardo art buyer &#8211; Length ca. 11 min PDFs for purchase. Inquire You can buy it in English or Spanish. Email me for legal agreements prior [&hellip;]","og_url":"https:\/\/moisessanchezms.com\/es\/coordinates-of-love\/","og_site_name":"M O I S E S S A N C H E Z","article_modified_time":"2023-04-03T18:49:41+00:00","og_image":[{"width":729,"height":897,"url":"https:\/\/moisessanchezms.com\/wp-content\/uploads\/2023\/03\/Col.jpeg","type":"image\/jpeg"}],"twitter_card":"summary_large_image","twitter_misc":{"Tiempo de lectura":"1 minuto"},"schema":{"@context":"https:\/\/schema.org","@graph":[{"@type":"WebPage","@id":"https:\/\/moisessanchezms.com\/es\/coordinates-of-love\/","url":"https:\/\/moisessanchezms.com\/es\/coordinates-of-love\/","name":"Coordinates of Love - M O I S E S S A N C H E Z","isPartOf":{"@id":"https:\/\/moisessanchezms.com\/en\/#website"},"primaryImageOfPage":{"@id":"https:\/\/moisessanchezms.com\/es\/coordinates-of-love\/#primaryimage"},"image":{"@id":"https:\/\/moisessanchezms.com\/es\/coordinates-of-love\/#primaryimage"},"thumbnailUrl":"https:\/\/moisessanchezms.com\/wp-content\/uploads\/2023\/03\/Col.jpeg","datePublished":"2023-03-22T20:51:55+00:00","dateModified":"2023-04-03T18:49:41+00:00","breadcrumb":{"@id":"https:\/\/moisessanchezms.com\/es\/coordinates-of-love\/#breadcrumb"},"inLanguage":"es","potentialAction":[{"@type":"ReadAction","target":["https:\/\/moisessanchezms.com\/es\/coordinates-of-love\/"]}]},{"@type":"ImageObject","inLanguage":"es","@id":"https:\/\/moisessanchezms.com\/es\/coordinates-of-love\/#primaryimage","url":"https:\/\/moisessanchezms.com\/wp-content\/uploads\/2023\/03\/Col.jpeg","contentUrl":"https:\/\/moisessanchezms.com\/wp-content\/uploads\/2023\/03\/Col.jpeg"},{"@type":"BreadcrumbList","@id":"https:\/\/moisessanchezms.com\/es\/coordinates-of-love\/#breadcrumb","itemListElement":[{"@type":"ListItem","position":1,"name":"Home","item":"https:\/\/moisessanchezms.com\/en\/"},{"@type":"ListItem","position":2,"name":"Coordinates of Love"}]},{"@type":"WebSite","@id":"https:\/\/moisessanchezms.com\/en\/#website","url":"https:\/\/moisessanchezms.com\/en\/","name":"M O I S E S S A N C H E Z","description":"My Life Is Spent Between Music, Cinema And Education","potentialAction":[{"@type":"SearchAction","target":{"@type":"EntryPoint","urlTemplate":"https:\/\/moisessanchezms.com\/en\/?s={search_term_string}"},"query-input":{"@type":"PropertyValueSpecification","valueRequired":true,"valueName":"search_term_string"}}],"inLanguage":"es"}]}},"_links":{"self":[{"href":"https:\/\/moisessanchezms.com\/es\/wp-json\/wp\/v2\/pages\/2597","targetHints":{"allow":["GET"]}}],"collection":[{"href":"https:\/\/moisessanchezms.com\/es\/wp-json\/wp\/v2\/pages"}],"about":[{"href":"https:\/\/moisessanchezms.com\/es\/wp-json\/wp\/v2\/types\/page"}],"author":[{"embeddable":true,"href":"https:\/\/moisessanchezms.com\/es\/wp-json\/wp\/v2\/users\/2"}],"replies":[{"embeddable":true,"href":"https:\/\/moisessanchezms.com\/es\/wp-json\/wp\/v2\/comments?post=2597"}],"version-history":[{"count":0,"href":"https:\/\/moisessanchezms.com\/es\/wp-json\/wp\/v2\/pages\/2597\/revisions"}],"wp:attachment":[{"href":"https:\/\/moisessanchezms.com\/es\/wp-json\/wp\/v2\/media?parent=2597"}],"curies":[{"name":"wp","href":"https:\/\/api.w.org\/{rel}","templated":true}]}}