{"id":2507,"date":"2023-03-22T16:30:09","date_gmt":"2023-03-22T16:30:09","guid":{"rendered":"https:\/\/moisessanchezms.com\/?page_id=2507"},"modified":"2023-04-03T18:48:27","modified_gmt":"2023-04-03T18:48:27","slug":"anunciacion","status":"publish","type":"page","link":"https:\/\/moisessanchezms.com\/es\/anunciacion\/","title":{"rendered":"anunciacion"},"content":{"rendered":"<div data-elementor-type=\"wp-page\" data-elementor-id=\"2507\" class=\"elementor elementor-2507\" data-elementor-post-type=\"page\">\n\t\t\t\t\t\t<section class=\"elementor-section elementor-top-section elementor-element elementor-element-2e30d091 elementor-section-full_width elementor-reverse-tablet elementor-reverse-mobile elementor-section-height-default elementor-section-height-default\" data-id=\"2e30d091\" data-element_type=\"section\" data-e-type=\"section\" data-settings=\"{&quot;background_background&quot;:&quot;classic&quot;}\">\n\t\t\t\t\t\t<div class=\"elementor-container elementor-column-gap-default\">\n\t\t\t\t\t<div class=\"elementor-column elementor-col-50 elementor-top-column elementor-element elementor-element-6609ea08\" data-id=\"6609ea08\" data-element_type=\"column\" data-e-type=\"column\">\n\t\t\t<div class=\"elementor-widget-wrap elementor-element-populated\">\n\t\t\t\t\t\t<div class=\"elementor-element elementor-element-659367cd elementor-widget elementor-widget-hub_fancy_heading\" data-id=\"659367cd\" data-element_type=\"widget\" data-e-type=\"widget\" data-widget_type=\"hub_fancy_heading.default\">\n\t\t\t\t<div class=\"elementor-widget-container\">\n\t\t\t\t\t\n\t\t<div id=\"ld-fancy-heading-69ea7e58afb99\" class=\"ld-fancy-heading pos-rel\">\n\t\t\t<h2 class=\"ld-fh-element d-inline-block pos-rel  elementor-heading-title lqd-highlight-classic lqd-highlight-grow-left h2\"  > anunciacion<\/h2>\t\t<\/div>\n\n\t\t\t\t\t\t<\/div>\n\t\t\t\t<\/div>\n\t\t\t\t<div class=\"elementor-element elementor-element-d0fbb07 elementor-widget elementor-widget-hub_fancy_heading\" data-id=\"d0fbb07\" data-element_type=\"widget\" data-e-type=\"widget\" data-widget_type=\"hub_fancy_heading.default\">\n\t\t\t\t<div class=\"elementor-widget-container\">\n\t\t\t\t\t\n\t\t<div id=\"ld-fancy-heading-69ea7e58b0d5c\" class=\"ld-fancy-heading pos-rel\">\n\t\t\t<p class=\"ld-fh-element d-inline-block pos-rel  lqd-highlight-classic lqd-highlight-grow-left p\"  > El \u00e1ngel Gabriel anuncia el nacimiento de Jes\u00fas\n<\/p>\t\t<\/div>\n\n\t\t\t\t\t\t<\/div>\n\t\t\t\t<\/div>\n\t\t\t\t<div class=\"elementor-element elementor-element-0372b12 elementor-widget elementor-widget-ld_list\" data-id=\"0372b12\" data-element_type=\"widget\" data-e-type=\"widget\" data-widget_type=\"ld_list.default\">\n\t\t\t\t<div class=\"elementor-widget-container\">\n\t\t\t\t\t\t\t\n\t\t<div class=\"lqd-bullet-list\">\n\t\t\t<ul class=\"bullet-list-ul reset-ul\">\n\t\t\t\t\t\t\t\t\t\t<li class=\"d-flex align-items-center\">- Es una pieza para cuarteto de cuerda, piano, percusi\u00f3n y bar\u00edtono solista<\/li>\n\t\t\t\t\t\t\t\t\t\t<li class=\"d-flex align-items-center\">- Clave E menor<\/li>\n\t\t\t\t\t\t\t\t\t\t<li class=\"d-flex align-items-center\">- Longitud aprox. 3:15<\/li>\n\t\t\t\t\t\t\t<\/ul>\n\t\t<\/div>\n\n\t\t\t\t\t\t<\/div>\n\t\t\t\t<\/div>\n\t\t\t\t<div class=\"elementor-element elementor-element-17eb036d elementor-widget elementor-widget-ld_button\" data-id=\"17eb036d\" data-element_type=\"widget\" data-e-type=\"widget\" data-widget_type=\"ld_button.default\">\n\t\t\t\t<div class=\"elementor-widget-container\">\n\t\t\t\t\t\n\t\t\t<a\n\t\t\t\thref=\"mailto:moisessanchezmspro@gmail.com\"class=\"elementor-button btn btn-solid btn-hover-txt-liquid-y btn-icon-shaped btn-has-label\"\t\t\t>\n\t\t\t\t\t\t\t\t\t<span data-text=\"PDFs for purchase. Inquire\" class=\"btn-txt\" data-transition-delay=\"true\" data-delay-options=\"{&quot;elements&quot;: &quot;.lqd-chars&quot;, &quot;delayType&quot;: &quot;animation&quot;, &quot;startDelay&quot;: 0, &quot;delayBetween&quot;: 32.5}\" data-split-text=\"true\" data-split-options=\"{&quot;type&quot;: &quot;chars, words&quot;}\">\n\t\t\t\t\t\tPDF para comprar. Preguntar\t\t\t\t\t<\/span>\n\t\t\t\t\t\t\t\t\t\t\t<\/a>\n\t\t\t\t\t\t\t<\/div>\n\t\t\t\t<\/div>\n\t\t\t\t\t<\/div>\n\t\t<\/div>\n\t\t\t\t<div class=\"elementor-column elementor-col-50 elementor-top-column elementor-element elementor-element-1fa7d7cf\" data-id=\"1fa7d7cf\" data-element_type=\"column\" data-e-type=\"column\" data-settings=\"{&quot;background_background&quot;:&quot;classic&quot;}\">\n\t\t\t<div class=\"elementor-widget-wrap elementor-element-populated\">\n\t\t\t\t\t\t<div class=\"elementor-element elementor-element-d3b92c0 elementor-widget elementor-widget-image\" data-id=\"d3b92c0\" data-element_type=\"widget\" data-e-type=\"widget\" data-widget_type=\"image.default\">\n\t\t\t\t<div class=\"elementor-widget-container\">\n\t\t\t\t\t\t\t\t\t\t\t\t\t\t\t<img fetchpriority=\"high\" decoding=\"async\" width=\"396\" height=\"396\" src=\"https:\/\/moisessanchezms.com\/wp-content\/uploads\/2023\/03\/12.png\" class=\"attachment-large size-large wp-image-2128\" alt=\"\" srcset=\"https:\/\/moisessanchezms.com\/wp-content\/uploads\/2023\/03\/12.png 396w, https:\/\/moisessanchezms.com\/wp-content\/uploads\/2023\/03\/12-300x300.png 300w, https:\/\/moisessanchezms.com\/wp-content\/uploads\/2023\/03\/12-150x150.png 150w, https:\/\/moisessanchezms.com\/wp-content\/uploads\/2023\/03\/12-320x320.png 320w, https:\/\/moisessanchezms.com\/wp-content\/uploads\/2023\/03\/12-12x12.png 12w\" sizes=\"(max-width: 396px) 100vw, 396px\" \/>\t\t\t\t\t\t\t\t\t\t\t\t\t\t\t<\/div>\n\t\t\t\t<\/div>\n\t\t\t\t<div class=\"elementor-element elementor-element-d43845e elementor-widget elementor-widget-hub_fancy_heading\" data-id=\"d43845e\" data-element_type=\"widget\" data-e-type=\"widget\" data-widget_type=\"hub_fancy_heading.default\">\n\t\t\t\t<div class=\"elementor-widget-container\">\n\t\t\t\t\t\n\t\t<div id=\"ld-fancy-heading-69ea7e58b6d79\" class=\"ld-fancy-heading pos-rel\">\n\t\t\t<h2 class=\"ld-fh-element d-inline-block pos-rel  elementor-heading-title lqd-highlight-classic lqd-highlight-grow-left h2\"  > Compositor Mois\u00e9s S\u00e1nchez\n<\/h2>\t\t<\/div>\n\n\t\t\t\t\t\t<\/div>\n\t\t\t\t<\/div>\n\t\t\t\t\t<\/div>\n\t\t<\/div>\n\t\t\t\t\t<\/div>\n\t\t<\/section>\n\t\t\t\t<section class=\"elementor-section elementor-top-section elementor-element elementor-element-afb9dcd elementor-section-boxed elementor-section-height-default elementor-section-height-default\" data-id=\"afb9dcd\" data-element_type=\"section\" data-e-type=\"section\" data-settings=\"{&quot;background_background&quot;:&quot;classic&quot;}\">\n\t\t\t\t\t\t<div class=\"elementor-container elementor-column-gap-default\">\n\t\t\t\t\t<div class=\"elementor-column elementor-col-50 elementor-top-column elementor-element elementor-element-220f268\" data-id=\"220f268\" data-element_type=\"column\" data-e-type=\"column\">\n\t\t\t<div class=\"elementor-widget-wrap elementor-element-populated\">\n\t\t\t\t\t\t<div class=\"elementor-element elementor-element-6c7c0ff elementor-widget elementor-widget-hub_fancy_heading\" data-id=\"6c7c0ff\" data-element_type=\"widget\" data-e-type=\"widget\" data-widget_type=\"hub_fancy_heading.default\">\n\t\t\t\t<div class=\"elementor-widget-container\">\n\t\t\t\t\t\n\t\t<div id=\"ld-fancy-heading-69ea7e58b7def\" class=\"ld-fancy-heading pos-rel\">\n\t\t\t<p class=\"ld-fh-element d-inline-block pos-rel  lqd-highlight-classic lqd-highlight-grow-left p\"  > Nota del programa\n<\/p>\t\t<\/div>\n\n\t\t\t\t\t\t<\/div>\n\t\t\t\t<\/div>\n\t\t\t\t<div class=\"elementor-element elementor-element-20db741 elementor-widget elementor-widget-text-editor\" data-id=\"20db741\" data-element_type=\"widget\" data-e-type=\"widget\" data-widget_type=\"text-editor.default\">\n\t\t\t\t<div class=\"elementor-widget-container\">\n\t\t\t\t\t\t\t\t\tEl mensaje de mi obra Anunciaci\u00f3n contiene la buena noticia dada por el \u00e1ngel Gabriel sobre el nacimiento de Jes\u00fas. En su \u00faltima parte mi obra revela el maravilloso prop\u00f3sito del nacimiento de Cristo y la victoria sobre la muerte. Esta obra la compuse en el 2001, su estreno fue ese mismo a\u00f1o en el Teatro Nacional Manuel Bonilla de Tegucigalpa junto a otras obras m\u00edas. La Navidad es una \u00e9poca donde recordamos el nacimiento de Cristo y su misi\u00f3n en la tierra, es una pieza muy hermosa e intensa para esa \u00e9poca tan hermosa. Extractos de mi composici\u00f3n Anunciaci\u00f3n han sido utilizados para el cortometraje EL Hogar de mi Alma.\t\t\t\t\t\t\t\t<\/div>\n\t\t\t\t<\/div>\n\t\t\t\t\t<\/div>\n\t\t<\/div>\n\t\t\t\t<div class=\"elementor-column elementor-col-50 elementor-top-column elementor-element elementor-element-91d7b52\" data-id=\"91d7b52\" data-element_type=\"column\" data-e-type=\"column\">\n\t\t\t<div class=\"elementor-widget-wrap elementor-element-populated\">\n\t\t\t\t\t\t<section class=\"elementor-section elementor-inner-section elementor-element elementor-element-32b58d8 elementor-section-boxed elementor-section-height-default elementor-section-height-default\" data-id=\"32b58d8\" data-element_type=\"section\" data-e-type=\"section\">\n\t\t\t\t\t\t<div class=\"elementor-container elementor-column-gap-default\">\n\t\t\t\t\t<div class=\"elementor-column elementor-col-100 elementor-inner-column elementor-element elementor-element-337d23a\" data-id=\"337d23a\" data-element_type=\"column\" data-e-type=\"column\">\n\t\t\t<div class=\"elementor-widget-wrap elementor-element-populated\">\n\t\t\t\t\t\t<div class=\"elementor-element elementor-element-8188390 elementor-widget elementor-widget-hub_fancy_heading\" data-id=\"8188390\" data-element_type=\"widget\" data-e-type=\"widget\" data-widget_type=\"hub_fancy_heading.default\">\n\t\t\t\t<div class=\"elementor-widget-container\">\n\t\t\t\t\t\n\t\t<div id=\"ld-fancy-heading-69ea7e58ba476\" class=\"ld-fancy-heading pos-rel\">\n\t\t\t<h6 class=\"ld-fh-element d-inline-block pos-rel  elementor-heading-title lqd-highlight-classic lqd-highlight-grow-left h6\"  > Puedes escuchar la pieza musical.<\/h6>\t\t<\/div>\n\n\t\t\t\t\t\t<\/div>\n\t\t\t\t<\/div>\n\t\t<div class=\"elementor-element elementor-element-d98a8ed e-flex e-con-boxed e-con e-parent\" data-id=\"d98a8ed\" data-element_type=\"container\" data-e-type=\"container\">\n\t\t\t\t\t<div class=\"e-con-inner\">\n\t\t\t\t<div class=\"elementor-element elementor-element-186c288 elementor-widget elementor-widget-video\" data-id=\"186c288\" data-element_type=\"widget\" data-e-type=\"widget\" data-settings=\"{&quot;youtube_url&quot;:&quot;https:\\\/\\\/www.youtube.com\\\/watch?v=8hYbb35Ad1E&quot;,&quot;video_type&quot;:&quot;youtube&quot;,&quot;controls&quot;:&quot;yes&quot;}\" data-widget_type=\"video.default\">\n\t\t\t\t<div class=\"elementor-widget-container\">\n\t\t\t\t\t\t\t<div class=\"elementor-wrapper elementor-open-inline\">\n\t\t\t<div class=\"elementor-video\"><\/div>\t\t<\/div>\n\t\t\t\t\t\t<\/div>\n\t\t\t\t<\/div>\n\t\t\t\t\t<\/div>\n\t\t\t\t<\/div>\n\t\t\t\t\t<\/div>\n\t\t<\/div>\n\t\t\t\t\t<\/div>\n\t\t<\/section>\n\t\t\t\t\t<\/div>\n\t\t<\/div>\n\t\t\t\t\t<\/div>\n\t\t<\/section>\n\t\t\t\t<\/div>","protected":false},"excerpt":{"rendered":"<p>Anunciaci\u00f3n The angel Gabriel announces the birth of Jesus &#8211; It is a piece for string quartet, piano, percussion and baritone soloist &#8211; Key E minor &#8211; Length ca. 3:15 PDFs for purchase. Inquire Composer Mois\u00e9s S\u00e1nchez Program Note The message of my work Annunciation contains the good news given by the angel Gabriel about [&hellip;]<\/p>","protected":false},"author":2,"featured_media":0,"parent":0,"menu_order":0,"comment_status":"closed","ping_status":"closed","template":"","meta":{"footnotes":""},"class_list":["post-2507","page","type-page","status-publish","hentry"],"yoast_head":"<!-- This site is optimized with the Yoast SEO plugin v27.2 - https:\/\/yoast.com\/product\/yoast-seo-wordpress\/ -->\n<title>Anunciaci\u00f3n - M O I S E S S A N C H E Z<\/title>\n<meta name=\"robots\" content=\"index, follow, max-snippet:-1, max-image-preview:large, max-video-preview:-1\" \/>\n<link rel=\"canonical\" href=\"https:\/\/moisessanchezms.com\/es\/anunciacion\/\" \/>\n<meta property=\"og:locale\" content=\"es_ES\" \/>\n<meta property=\"og:type\" content=\"article\" \/>\n<meta property=\"og:title\" content=\"Anunciaci\u00f3n - M O I S E S S A N C H E Z\" \/>\n<meta property=\"og:description\" content=\"Anunciaci\u00f3n The angel Gabriel announces the birth of Jesus &#8211; It is a piece for string quartet, piano, percussion and baritone soloist &#8211; Key E minor &#8211; Length ca. 3:15 PDFs for purchase. Inquire Composer Mois\u00e9s S\u00e1nchez Program Note The message of my work Annunciation contains the good news given by the angel Gabriel about [&hellip;]\" \/>\n<meta property=\"og:url\" content=\"https:\/\/moisessanchezms.com\/es\/anunciacion\/\" \/>\n<meta property=\"og:site_name\" content=\"M O I S E S S A N C H E Z\" \/>\n<meta property=\"article:modified_time\" content=\"2023-04-03T18:48:27+00:00\" \/>\n<meta property=\"og:image\" content=\"https:\/\/moisessanchezms.com\/wp-content\/uploads\/2023\/03\/12.png\" \/>\n\t<meta property=\"og:image:width\" content=\"396\" \/>\n\t<meta property=\"og:image:height\" content=\"396\" \/>\n\t<meta property=\"og:image:type\" content=\"image\/png\" \/>\n<meta name=\"twitter:card\" content=\"summary_large_image\" \/>\n<meta name=\"twitter:label1\" content=\"Tiempo de lectura\" \/>\n\t<meta name=\"twitter:data1\" content=\"1 minuto\" \/>\n<script type=\"application\/ld+json\" class=\"yoast-schema-graph\">{\"@context\":\"https:\/\/schema.org\",\"@graph\":[{\"@type\":\"WebPage\",\"@id\":\"https:\/\/moisessanchezms.com\/es\/anunciacion\/\",\"url\":\"https:\/\/moisessanchezms.com\/es\/anunciacion\/\",\"name\":\"Anunciaci\u00f3n - M O I S E S S A N C H E Z\",\"isPartOf\":{\"@id\":\"https:\/\/moisessanchezms.com\/en\/#website\"},\"primaryImageOfPage\":{\"@id\":\"https:\/\/moisessanchezms.com\/es\/anunciacion\/#primaryimage\"},\"image\":{\"@id\":\"https:\/\/moisessanchezms.com\/es\/anunciacion\/#primaryimage\"},\"thumbnailUrl\":\"https:\/\/moisessanchezms.com\/wp-content\/uploads\/2023\/03\/12.png\",\"datePublished\":\"2023-03-22T16:30:09+00:00\",\"dateModified\":\"2023-04-03T18:48:27+00:00\",\"breadcrumb\":{\"@id\":\"https:\/\/moisessanchezms.com\/es\/anunciacion\/#breadcrumb\"},\"inLanguage\":\"es\",\"potentialAction\":[{\"@type\":\"ReadAction\",\"target\":[\"https:\/\/moisessanchezms.com\/es\/anunciacion\/\"]}]},{\"@type\":\"ImageObject\",\"inLanguage\":\"es\",\"@id\":\"https:\/\/moisessanchezms.com\/es\/anunciacion\/#primaryimage\",\"url\":\"https:\/\/moisessanchezms.com\/wp-content\/uploads\/2023\/03\/12.png\",\"contentUrl\":\"https:\/\/moisessanchezms.com\/wp-content\/uploads\/2023\/03\/12.png\"},{\"@type\":\"BreadcrumbList\",\"@id\":\"https:\/\/moisessanchezms.com\/es\/anunciacion\/#breadcrumb\",\"itemListElement\":[{\"@type\":\"ListItem\",\"position\":1,\"name\":\"Home\",\"item\":\"https:\/\/moisessanchezms.com\/en\/\"},{\"@type\":\"ListItem\",\"position\":2,\"name\":\"Anunciaci\u00f3n\"}]},{\"@type\":\"WebSite\",\"@id\":\"https:\/\/moisessanchezms.com\/en\/#website\",\"url\":\"https:\/\/moisessanchezms.com\/en\/\",\"name\":\"M O I S E S S A N C H E Z\",\"description\":\"My Life Is Spent Between Music, Cinema And Education\",\"potentialAction\":[{\"@type\":\"SearchAction\",\"target\":{\"@type\":\"EntryPoint\",\"urlTemplate\":\"https:\/\/moisessanchezms.com\/en\/?s={search_term_string}\"},\"query-input\":{\"@type\":\"PropertyValueSpecification\",\"valueRequired\":true,\"valueName\":\"search_term_string\"}}],\"inLanguage\":\"es\"}]}<\/script>\n<!-- \/ Yoast SEO plugin. -->","yoast_head_json":{"title":"Anunciaci\u00f3n - M O I S E S S A N C H E Z","robots":{"index":"index","follow":"follow","max-snippet":"max-snippet:-1","max-image-preview":"max-image-preview:large","max-video-preview":"max-video-preview:-1"},"canonical":"https:\/\/moisessanchezms.com\/es\/anunciacion\/","og_locale":"es_ES","og_type":"article","og_title":"Anunciaci\u00f3n - M O I S E S S A N C H E Z","og_description":"Anunciaci\u00f3n The angel Gabriel announces the birth of Jesus &#8211; It is a piece for string quartet, piano, percussion and baritone soloist &#8211; Key E minor &#8211; Length ca. 3:15 PDFs for purchase. Inquire Composer Mois\u00e9s S\u00e1nchez Program Note The message of my work Annunciation contains the good news given by the angel Gabriel about [&hellip;]","og_url":"https:\/\/moisessanchezms.com\/es\/anunciacion\/","og_site_name":"M O I S E S S A N C H E Z","article_modified_time":"2023-04-03T18:48:27+00:00","og_image":[{"width":396,"height":396,"url":"https:\/\/moisessanchezms.com\/wp-content\/uploads\/2023\/03\/12.png","type":"image\/png"}],"twitter_card":"summary_large_image","twitter_misc":{"Tiempo de lectura":"1 minuto"},"schema":{"@context":"https:\/\/schema.org","@graph":[{"@type":"WebPage","@id":"https:\/\/moisessanchezms.com\/es\/anunciacion\/","url":"https:\/\/moisessanchezms.com\/es\/anunciacion\/","name":"Anunciaci\u00f3n - M O I S E S S A N C H E Z","isPartOf":{"@id":"https:\/\/moisessanchezms.com\/en\/#website"},"primaryImageOfPage":{"@id":"https:\/\/moisessanchezms.com\/es\/anunciacion\/#primaryimage"},"image":{"@id":"https:\/\/moisessanchezms.com\/es\/anunciacion\/#primaryimage"},"thumbnailUrl":"https:\/\/moisessanchezms.com\/wp-content\/uploads\/2023\/03\/12.png","datePublished":"2023-03-22T16:30:09+00:00","dateModified":"2023-04-03T18:48:27+00:00","breadcrumb":{"@id":"https:\/\/moisessanchezms.com\/es\/anunciacion\/#breadcrumb"},"inLanguage":"es","potentialAction":[{"@type":"ReadAction","target":["https:\/\/moisessanchezms.com\/es\/anunciacion\/"]}]},{"@type":"ImageObject","inLanguage":"es","@id":"https:\/\/moisessanchezms.com\/es\/anunciacion\/#primaryimage","url":"https:\/\/moisessanchezms.com\/wp-content\/uploads\/2023\/03\/12.png","contentUrl":"https:\/\/moisessanchezms.com\/wp-content\/uploads\/2023\/03\/12.png"},{"@type":"BreadcrumbList","@id":"https:\/\/moisessanchezms.com\/es\/anunciacion\/#breadcrumb","itemListElement":[{"@type":"ListItem","position":1,"name":"Home","item":"https:\/\/moisessanchezms.com\/en\/"},{"@type":"ListItem","position":2,"name":"Anunciaci\u00f3n"}]},{"@type":"WebSite","@id":"https:\/\/moisessanchezms.com\/en\/#website","url":"https:\/\/moisessanchezms.com\/en\/","name":"M O I S E S S A N C H E Z","description":"My Life Is Spent Between Music, Cinema And Education","potentialAction":[{"@type":"SearchAction","target":{"@type":"EntryPoint","urlTemplate":"https:\/\/moisessanchezms.com\/en\/?s={search_term_string}"},"query-input":{"@type":"PropertyValueSpecification","valueRequired":true,"valueName":"search_term_string"}}],"inLanguage":"es"}]}},"_links":{"self":[{"href":"https:\/\/moisessanchezms.com\/es\/wp-json\/wp\/v2\/pages\/2507","targetHints":{"allow":["GET"]}}],"collection":[{"href":"https:\/\/moisessanchezms.com\/es\/wp-json\/wp\/v2\/pages"}],"about":[{"href":"https:\/\/moisessanchezms.com\/es\/wp-json\/wp\/v2\/types\/page"}],"author":[{"embeddable":true,"href":"https:\/\/moisessanchezms.com\/es\/wp-json\/wp\/v2\/users\/2"}],"replies":[{"embeddable":true,"href":"https:\/\/moisessanchezms.com\/es\/wp-json\/wp\/v2\/comments?post=2507"}],"version-history":[{"count":0,"href":"https:\/\/moisessanchezms.com\/es\/wp-json\/wp\/v2\/pages\/2507\/revisions"}],"wp:attachment":[{"href":"https:\/\/moisessanchezms.com\/es\/wp-json\/wp\/v2\/media?parent=2507"}],"curies":[{"name":"wp","href":"https:\/\/api.w.org\/{rel}","templated":true}]}}