{"id":2479,"date":"2023-03-22T16:15:17","date_gmt":"2023-03-22T16:15:17","guid":{"rendered":"https:\/\/moisessanchezms.com\/?page_id=2479"},"modified":"2023-04-03T18:38:32","modified_gmt":"2023-04-03T18:38:32","slug":"sancte-deus","status":"publish","type":"page","link":"https:\/\/moisessanchezms.com\/es\/sancte-deus\/","title":{"rendered":"Sancte Deus"},"content":{"rendered":"<div data-elementor-type=\"wp-page\" data-elementor-id=\"2479\" class=\"elementor elementor-2479\" data-elementor-post-type=\"page\">\n\t\t\t\t\t\t<section class=\"elementor-section elementor-top-section elementor-element elementor-element-2e30d091 elementor-section-full_width elementor-reverse-tablet elementor-reverse-mobile elementor-section-height-default elementor-section-height-default\" data-id=\"2e30d091\" data-element_type=\"section\" data-e-type=\"section\" data-settings=\"{&quot;background_background&quot;:&quot;classic&quot;}\">\n\t\t\t\t\t\t<div class=\"elementor-container elementor-column-gap-default\">\n\t\t\t\t\t<div class=\"elementor-column elementor-col-50 elementor-top-column elementor-element elementor-element-6609ea08\" data-id=\"6609ea08\" data-element_type=\"column\" data-e-type=\"column\">\n\t\t\t<div class=\"elementor-widget-wrap elementor-element-populated\">\n\t\t\t\t\t\t<div class=\"elementor-element elementor-element-659367cd elementor-widget elementor-widget-hub_fancy_heading\" data-id=\"659367cd\" data-element_type=\"widget\" data-e-type=\"widget\" data-widget_type=\"hub_fancy_heading.default\">\n\t\t\t\t<div class=\"elementor-widget-container\">\n\t\t\t\t\t\n\t\t<div id=\"ld-fancy-heading-69e9aa379b0d5\" class=\"ld-fancy-heading pos-rel\">\n\t\t\t<h2 class=\"ld-fh-element d-inline-block pos-rel  elementor-heading-title lqd-highlight-classic lqd-highlight-grow-left h2\"  > SANTO DEUS\n<\/h2>\t\t<\/div>\n\n\t\t\t\t\t\t<\/div>\n\t\t\t\t<\/div>\n\t\t\t\t<div class=\"elementor-element elementor-element-d0fbb07 elementor-widget elementor-widget-hub_fancy_heading\" data-id=\"d0fbb07\" data-element_type=\"widget\" data-e-type=\"widget\" data-widget_type=\"hub_fancy_heading.default\">\n\t\t\t\t<div class=\"elementor-widget-container\">\n\t\t\t\t\t\n\t\t<div id=\"ld-fancy-heading-69e9aa379c072\" class=\"ld-fancy-heading pos-rel\">\n\t\t\t<p class=\"ld-fh-element d-inline-block pos-rel  lqd-highlight-classic lqd-highlight-grow-left p\"  > Una pieza muy espiritual, escrita en lat\u00edn.\n<\/p>\t\t<\/div>\n\n\t\t\t\t\t\t<\/div>\n\t\t\t\t<\/div>\n\t\t\t\t<div class=\"elementor-element elementor-element-0372b12 elementor-widget elementor-widget-ld_list\" data-id=\"0372b12\" data-element_type=\"widget\" data-e-type=\"widget\" data-widget_type=\"ld_list.default\">\n\t\t\t\t<div class=\"elementor-widget-container\">\n\t\t\t\t\t\t\t\n\t\t<div class=\"lqd-bullet-list\">\n\t\t\t<ul class=\"bullet-list-ul reset-ul\">\n\t\t\t\t\t\t\t\t\t\t<li class=\"d-flex align-items-center\">- Es una pieza para orquesta de c\u00e1mara, arpa y coro<\/li>\n\t\t\t\t\t\t\t\t\t\t<li class=\"d-flex align-items-center\">- Clave - Do mayor<\/li>\n\t\t\t\t\t\t\t\t\t\t<li class=\"d-flex align-items-center\">- Longitud aprox. 3:50<\/li>\n\t\t\t\t\t\t\t<\/ul>\n\t\t<\/div>\n\n\t\t\t\t\t\t<\/div>\n\t\t\t\t<\/div>\n\t\t\t\t<div class=\"elementor-element elementor-element-17eb036d elementor-widget elementor-widget-ld_button\" data-id=\"17eb036d\" data-element_type=\"widget\" data-e-type=\"widget\" data-widget_type=\"ld_button.default\">\n\t\t\t\t<div class=\"elementor-widget-container\">\n\t\t\t\t\t\n\t\t\t<a\n\t\t\t\thref=\"mailto:moisessanchezmspro@gmail.com\"class=\"elementor-button btn btn-solid btn-hover-txt-liquid-y btn-icon-shaped btn-has-label\"\t\t\t>\n\t\t\t\t\t\t\t\t\t<span data-text=\"PDFs for purchase. Inquire\" class=\"btn-txt\" data-transition-delay=\"true\" data-delay-options=\"{&quot;elements&quot;: &quot;.lqd-chars&quot;, &quot;delayType&quot;: &quot;animation&quot;, &quot;startDelay&quot;: 0, &quot;delayBetween&quot;: 32.5}\" data-split-text=\"true\" data-split-options=\"{&quot;type&quot;: &quot;chars, words&quot;}\">\n\t\t\t\t\t\tPDF para comprar. Preguntar\t\t\t\t\t<\/span>\n\t\t\t\t\t\t\t\t\t\t\t<\/a>\n\t\t\t\t\t\t\t<\/div>\n\t\t\t\t<\/div>\n\t\t\t\t\t<\/div>\n\t\t<\/div>\n\t\t\t\t<div class=\"elementor-column elementor-col-50 elementor-top-column elementor-element elementor-element-1fa7d7cf\" data-id=\"1fa7d7cf\" data-element_type=\"column\" data-e-type=\"column\" data-settings=\"{&quot;background_background&quot;:&quot;classic&quot;}\">\n\t\t\t<div class=\"elementor-widget-wrap elementor-element-populated\">\n\t\t\t\t\t\t<div class=\"elementor-element elementor-element-d3b92c0 elementor-widget elementor-widget-image\" data-id=\"d3b92c0\" data-element_type=\"widget\" data-e-type=\"widget\" data-widget_type=\"image.default\">\n\t\t\t\t<div class=\"elementor-widget-container\">\n\t\t\t\t\t\t\t\t\t\t\t\t\t\t\t<img fetchpriority=\"high\" decoding=\"async\" width=\"780\" height=\"550\" src=\"https:\/\/moisessanchezms.com\/wp-content\/uploads\/2023\/03\/SANCTE-DEUS.jpg\" class=\"attachment-large size-large wp-image-2153\" alt=\"\" srcset=\"https:\/\/moisessanchezms.com\/wp-content\/uploads\/2023\/03\/SANCTE-DEUS.jpg 827w, https:\/\/moisessanchezms.com\/wp-content\/uploads\/2023\/03\/SANCTE-DEUS-300x211.jpg 300w, https:\/\/moisessanchezms.com\/wp-content\/uploads\/2023\/03\/SANCTE-DEUS-18x12.jpg 18w\" sizes=\"(max-width: 780px) 100vw, 780px\" \/>\t\t\t\t\t\t\t\t\t\t\t\t\t\t\t<\/div>\n\t\t\t\t<\/div>\n\t\t\t\t<div class=\"elementor-element elementor-element-d43845e elementor-widget elementor-widget-hub_fancy_heading\" data-id=\"d43845e\" data-element_type=\"widget\" data-e-type=\"widget\" data-widget_type=\"hub_fancy_heading.default\">\n\t\t\t\t<div class=\"elementor-widget-container\">\n\t\t\t\t\t\n\t\t<div id=\"ld-fancy-heading-69e9aa37a2b26\" class=\"ld-fancy-heading pos-rel\">\n\t\t\t<h2 class=\"ld-fh-element d-inline-block pos-rel  elementor-heading-title lqd-highlight-classic lqd-highlight-grow-left h2\"  > Compositor Mois\u00e9s S\u00e1nchez\n<\/h2>\t\t<\/div>\n\n\t\t\t\t\t\t<\/div>\n\t\t\t\t<\/div>\n\t\t\t\t\t<\/div>\n\t\t<\/div>\n\t\t\t\t\t<\/div>\n\t\t<\/section>\n\t\t\t\t<section class=\"elementor-section elementor-top-section elementor-element elementor-element-afb9dcd elementor-section-boxed elementor-section-height-default elementor-section-height-default\" data-id=\"afb9dcd\" data-element_type=\"section\" data-e-type=\"section\" data-settings=\"{&quot;background_background&quot;:&quot;classic&quot;}\">\n\t\t\t\t\t\t<div class=\"elementor-container elementor-column-gap-default\">\n\t\t\t\t\t<div class=\"elementor-column elementor-col-100 elementor-top-column elementor-element elementor-element-220f268\" data-id=\"220f268\" data-element_type=\"column\" data-e-type=\"column\">\n\t\t\t<div class=\"elementor-widget-wrap elementor-element-populated\">\n\t\t\t\t\t\t<div class=\"elementor-element elementor-element-6c7c0ff elementor-widget elementor-widget-hub_fancy_heading\" data-id=\"6c7c0ff\" data-element_type=\"widget\" data-e-type=\"widget\" data-widget_type=\"hub_fancy_heading.default\">\n\t\t\t\t<div class=\"elementor-widget-container\">\n\t\t\t\t\t\n\t\t<div id=\"ld-fancy-heading-69e9aa37a4c6a\" class=\"ld-fancy-heading pos-rel\">\n\t\t\t<p class=\"ld-fh-element d-inline-block pos-rel  lqd-highlight-classic lqd-highlight-grow-left p\"  > Nota del programa\n<\/p>\t\t<\/div>\n\n\t\t\t\t\t\t<\/div>\n\t\t\t\t<\/div>\n\t\t\t\t<div class=\"elementor-element elementor-element-cbf43cf elementor-widget elementor-widget-text-editor\" data-id=\"cbf43cf\" data-element_type=\"widget\" data-e-type=\"widget\" data-widget_type=\"text-editor.default\">\n\t\t\t\t<div class=\"elementor-widget-container\">\n\t\t\t\t\t\t\t\t\tEs una pieza compuesta en el a\u00f1o 2019, es una obra coral para arpa, orquesta y coro, es de car\u00e1cter sagrado y solemne. Est\u00e1 escrito en lat\u00edn y su mensaje es para agradecer a Dios por dar a su hijo Jesucristo como sacrificio para que la humanidad tenga salvaci\u00f3n y vida eterna. Su estreno estaba previsto en 2020 en Valladolid Espa\u00f1a pero debido a la pandemia eso no fue posible. Esta pieza fue grabada virtualmente en 2020 con cantantes e instrumentistas de diferentes partes del mundo.\t\t\t\t\t\t\t\t<\/div>\n\t\t\t\t<\/div>\n\t\t\t\t<section class=\"elementor-section elementor-inner-section elementor-element elementor-element-3b990d6 elementor-section-boxed elementor-section-height-default elementor-section-height-default\" data-id=\"3b990d6\" data-element_type=\"section\" data-e-type=\"section\">\n\t\t\t\t\t\t<div class=\"elementor-container elementor-column-gap-default\">\n\t\t\t\t\t<div class=\"elementor-column elementor-col-100 elementor-inner-column elementor-element elementor-element-222ab27\" data-id=\"222ab27\" data-element_type=\"column\" data-e-type=\"column\">\n\t\t\t<div class=\"elementor-widget-wrap elementor-element-populated\">\n\t\t\t\t\t\t<div class=\"elementor-element elementor-element-810d890 elementor-widget elementor-widget-hub_fancy_heading\" data-id=\"810d890\" data-element_type=\"widget\" data-e-type=\"widget\" data-widget_type=\"hub_fancy_heading.default\">\n\t\t\t\t<div class=\"elementor-widget-container\">\n\t\t\t\t\t\n\t\t<div id=\"ld-fancy-heading-69e9aa37a70f5\" class=\"ld-fancy-heading pos-rel\">\n\t\t\t<h6 class=\"ld-fh-element d-inline-block pos-rel  elementor-heading-title lqd-highlight-classic lqd-highlight-grow-left h6\"  > Puedes escucharlo aqu\u00ed:\n<\/h6>\t\t<\/div>\n\n\t\t\t\t\t\t<\/div>\n\t\t\t\t<\/div>\n\t\t<div class=\"elementor-element elementor-element-7067654 e-flex e-con-boxed e-con e-parent\" data-id=\"7067654\" data-element_type=\"container\" data-e-type=\"container\">\n\t\t\t\t\t<div class=\"e-con-inner\">\n\t\t\t\t<div class=\"elementor-element elementor-element-c59cd2a elementor-widget elementor-widget-video\" data-id=\"c59cd2a\" data-element_type=\"widget\" data-e-type=\"widget\" data-settings=\"{&quot;youtube_url&quot;:&quot;https:\\\/\\\/www.youtube.com\\\/watch?v=nvbeNsT7N7c&quot;,&quot;loop&quot;:&quot;yes&quot;,&quot;video_type&quot;:&quot;youtube&quot;,&quot;controls&quot;:&quot;yes&quot;}\" data-widget_type=\"video.default\">\n\t\t\t\t<div class=\"elementor-widget-container\">\n\t\t\t\t\t\t\t<div class=\"elementor-wrapper elementor-open-inline\">\n\t\t\t<div class=\"elementor-video\"><\/div>\t\t<\/div>\n\t\t\t\t\t\t<\/div>\n\t\t\t\t<\/div>\n\t\t\t\t\t<\/div>\n\t\t\t\t<\/div>\n\t\t\t\t\t<\/div>\n\t\t<\/div>\n\t\t\t\t\t<\/div>\n\t\t<\/section>\n\t\t\t\t\t<\/div>\n\t\t<\/div>\n\t\t\t\t\t<\/div>\n\t\t<\/section>\n\t\t\t\t<\/div>","protected":false},"excerpt":{"rendered":"<p>SANCTE DEUS A very spiritual piece, written in Latin. &#8211; It is a piece for chamber orchestra, harp and choir &#8211; Key \u2013 C major &#8211; Length ca. 3:50 PDFs for purchase. Inquire Composer Moises S\u00e1nchez Program Note It is a piece composed in 2019, it is a choral work for harp, orchestra, and choir, [&hellip;]<\/p>","protected":false},"author":2,"featured_media":0,"parent":0,"menu_order":0,"comment_status":"closed","ping_status":"closed","template":"","meta":{"footnotes":""},"class_list":["post-2479","page","type-page","status-publish","hentry"],"yoast_head":"<!-- This site is optimized with the Yoast SEO plugin v27.2 - https:\/\/yoast.com\/product\/yoast-seo-wordpress\/ -->\n<title>Sancte Deus - M O I S E S S A N C H E Z<\/title>\n<meta name=\"robots\" content=\"index, follow, max-snippet:-1, max-image-preview:large, max-video-preview:-1\" \/>\n<link rel=\"canonical\" href=\"https:\/\/moisessanchezms.com\/es\/sancte-deus\/\" \/>\n<meta property=\"og:locale\" content=\"es_ES\" \/>\n<meta property=\"og:type\" content=\"article\" \/>\n<meta property=\"og:title\" content=\"Sancte Deus - M O I S E S S A N C H E Z\" \/>\n<meta property=\"og:description\" content=\"SANCTE DEUS A very spiritual piece, written in Latin. &#8211; It is a piece for chamber orchestra, harp and choir &#8211; Key \u2013 C major &#8211; Length ca. 3:50 PDFs for purchase. Inquire Composer Moises S\u00e1nchez Program Note It is a piece composed in 2019, it is a choral work for harp, orchestra, and choir, [&hellip;]\" \/>\n<meta property=\"og:url\" content=\"https:\/\/moisessanchezms.com\/es\/sancte-deus\/\" \/>\n<meta property=\"og:site_name\" content=\"M O I S E S S A N C H E Z\" \/>\n<meta property=\"article:modified_time\" content=\"2023-04-03T18:38:32+00:00\" \/>\n<meta property=\"og:image\" content=\"https:\/\/moisessanchezms.com\/wp-content\/uploads\/2023\/03\/SANCTE-DEUS.jpg\" \/>\n\t<meta property=\"og:image:width\" content=\"827\" \/>\n\t<meta property=\"og:image:height\" content=\"583\" \/>\n\t<meta property=\"og:image:type\" content=\"image\/jpeg\" \/>\n<meta name=\"twitter:card\" content=\"summary_large_image\" \/>\n<meta name=\"twitter:label1\" content=\"Tiempo de lectura\" \/>\n\t<meta name=\"twitter:data1\" content=\"1 minuto\" \/>\n<script type=\"application\/ld+json\" class=\"yoast-schema-graph\">{\"@context\":\"https:\/\/schema.org\",\"@graph\":[{\"@type\":\"WebPage\",\"@id\":\"https:\/\/moisessanchezms.com\/en\/sancte-deus\/\",\"url\":\"https:\/\/moisessanchezms.com\/en\/sancte-deus\/\",\"name\":\"Sancte Deus - M O I S E S S A N C H E Z\",\"isPartOf\":{\"@id\":\"https:\/\/moisessanchezms.com\/en\/#website\"},\"primaryImageOfPage\":{\"@id\":\"https:\/\/moisessanchezms.com\/en\/sancte-deus\/#primaryimage\"},\"image\":{\"@id\":\"https:\/\/moisessanchezms.com\/en\/sancte-deus\/#primaryimage\"},\"thumbnailUrl\":\"https:\/\/moisessanchezms.com\/wp-content\/uploads\/2023\/03\/SANCTE-DEUS.jpg\",\"datePublished\":\"2023-03-22T16:15:17+00:00\",\"dateModified\":\"2023-04-03T18:38:32+00:00\",\"breadcrumb\":{\"@id\":\"https:\/\/moisessanchezms.com\/en\/sancte-deus\/#breadcrumb\"},\"inLanguage\":\"es\",\"potentialAction\":[{\"@type\":\"ReadAction\",\"target\":[\"https:\/\/moisessanchezms.com\/en\/sancte-deus\/\"]}]},{\"@type\":\"ImageObject\",\"inLanguage\":\"es\",\"@id\":\"https:\/\/moisessanchezms.com\/en\/sancte-deus\/#primaryimage\",\"url\":\"https:\/\/moisessanchezms.com\/wp-content\/uploads\/2023\/03\/SANCTE-DEUS.jpg\",\"contentUrl\":\"https:\/\/moisessanchezms.com\/wp-content\/uploads\/2023\/03\/SANCTE-DEUS.jpg\"},{\"@type\":\"BreadcrumbList\",\"@id\":\"https:\/\/moisessanchezms.com\/en\/sancte-deus\/#breadcrumb\",\"itemListElement\":[{\"@type\":\"ListItem\",\"position\":1,\"name\":\"Home\",\"item\":\"https:\/\/moisessanchezms.com\/en\/\"},{\"@type\":\"ListItem\",\"position\":2,\"name\":\"Sancte Deus\"}]},{\"@type\":\"WebSite\",\"@id\":\"https:\/\/moisessanchezms.com\/en\/#website\",\"url\":\"https:\/\/moisessanchezms.com\/en\/\",\"name\":\"M O I S E S S A N C H E Z\",\"description\":\"My Life Is Spent Between Music, Cinema And Education\",\"potentialAction\":[{\"@type\":\"SearchAction\",\"target\":{\"@type\":\"EntryPoint\",\"urlTemplate\":\"https:\/\/moisessanchezms.com\/en\/?s={search_term_string}\"},\"query-input\":{\"@type\":\"PropertyValueSpecification\",\"valueRequired\":true,\"valueName\":\"search_term_string\"}}],\"inLanguage\":\"es\"}]}<\/script>\n<!-- \/ Yoast SEO plugin. -->","yoast_head_json":{"title":"Sancte Deus - M O I S E S S A N C H E Z","robots":{"index":"index","follow":"follow","max-snippet":"max-snippet:-1","max-image-preview":"max-image-preview:large","max-video-preview":"max-video-preview:-1"},"canonical":"https:\/\/moisessanchezms.com\/es\/sancte-deus\/","og_locale":"es_ES","og_type":"article","og_title":"Sancte Deus - M O I S E S S A N C H E Z","og_description":"SANCTE DEUS A very spiritual piece, written in Latin. &#8211; It is a piece for chamber orchestra, harp and choir &#8211; Key \u2013 C major &#8211; Length ca. 3:50 PDFs for purchase. Inquire Composer Moises S\u00e1nchez Program Note It is a piece composed in 2019, it is a choral work for harp, orchestra, and choir, [&hellip;]","og_url":"https:\/\/moisessanchezms.com\/es\/sancte-deus\/","og_site_name":"M O I S E S S A N C H E Z","article_modified_time":"2023-04-03T18:38:32+00:00","og_image":[{"width":827,"height":583,"url":"https:\/\/moisessanchezms.com\/wp-content\/uploads\/2023\/03\/SANCTE-DEUS.jpg","type":"image\/jpeg"}],"twitter_card":"summary_large_image","twitter_misc":{"Tiempo de lectura":"1 minuto"},"schema":{"@context":"https:\/\/schema.org","@graph":[{"@type":"WebPage","@id":"https:\/\/moisessanchezms.com\/en\/sancte-deus\/","url":"https:\/\/moisessanchezms.com\/en\/sancte-deus\/","name":"Sancte Deus - M O I S E S S A N C H E Z","isPartOf":{"@id":"https:\/\/moisessanchezms.com\/en\/#website"},"primaryImageOfPage":{"@id":"https:\/\/moisessanchezms.com\/en\/sancte-deus\/#primaryimage"},"image":{"@id":"https:\/\/moisessanchezms.com\/en\/sancte-deus\/#primaryimage"},"thumbnailUrl":"https:\/\/moisessanchezms.com\/wp-content\/uploads\/2023\/03\/SANCTE-DEUS.jpg","datePublished":"2023-03-22T16:15:17+00:00","dateModified":"2023-04-03T18:38:32+00:00","breadcrumb":{"@id":"https:\/\/moisessanchezms.com\/en\/sancte-deus\/#breadcrumb"},"inLanguage":"es","potentialAction":[{"@type":"ReadAction","target":["https:\/\/moisessanchezms.com\/en\/sancte-deus\/"]}]},{"@type":"ImageObject","inLanguage":"es","@id":"https:\/\/moisessanchezms.com\/en\/sancte-deus\/#primaryimage","url":"https:\/\/moisessanchezms.com\/wp-content\/uploads\/2023\/03\/SANCTE-DEUS.jpg","contentUrl":"https:\/\/moisessanchezms.com\/wp-content\/uploads\/2023\/03\/SANCTE-DEUS.jpg"},{"@type":"BreadcrumbList","@id":"https:\/\/moisessanchezms.com\/en\/sancte-deus\/#breadcrumb","itemListElement":[{"@type":"ListItem","position":1,"name":"Home","item":"https:\/\/moisessanchezms.com\/en\/"},{"@type":"ListItem","position":2,"name":"Sancte Deus"}]},{"@type":"WebSite","@id":"https:\/\/moisessanchezms.com\/en\/#website","url":"https:\/\/moisessanchezms.com\/en\/","name":"M O I S E S S A N C H E Z","description":"My Life Is Spent Between Music, Cinema And Education","potentialAction":[{"@type":"SearchAction","target":{"@type":"EntryPoint","urlTemplate":"https:\/\/moisessanchezms.com\/en\/?s={search_term_string}"},"query-input":{"@type":"PropertyValueSpecification","valueRequired":true,"valueName":"search_term_string"}}],"inLanguage":"es"}]}},"_links":{"self":[{"href":"https:\/\/moisessanchezms.com\/es\/wp-json\/wp\/v2\/pages\/2479","targetHints":{"allow":["GET"]}}],"collection":[{"href":"https:\/\/moisessanchezms.com\/es\/wp-json\/wp\/v2\/pages"}],"about":[{"href":"https:\/\/moisessanchezms.com\/es\/wp-json\/wp\/v2\/types\/page"}],"author":[{"embeddable":true,"href":"https:\/\/moisessanchezms.com\/es\/wp-json\/wp\/v2\/users\/2"}],"replies":[{"embeddable":true,"href":"https:\/\/moisessanchezms.com\/es\/wp-json\/wp\/v2\/comments?post=2479"}],"version-history":[{"count":0,"href":"https:\/\/moisessanchezms.com\/es\/wp-json\/wp\/v2\/pages\/2479\/revisions"}],"wp:attachment":[{"href":"https:\/\/moisessanchezms.com\/es\/wp-json\/wp\/v2\/media?parent=2479"}],"curies":[{"name":"wp","href":"https:\/\/api.w.org\/{rel}","templated":true}]}}