{"id":2314,"date":"2023-03-19T16:42:48","date_gmt":"2023-03-19T16:42:48","guid":{"rendered":"https:\/\/moisessanchezms.com\/?page_id=2314"},"modified":"2023-04-03T18:24:04","modified_gmt":"2023-04-03T18:24:04","slug":"the-lost-city-of-the-monkey-god","status":"publish","type":"page","link":"https:\/\/moisessanchezms.com\/es\/the-lost-city-of-the-monkey-god\/","title":{"rendered":"La Ciudad Perdida del Dios Mono"},"content":{"rendered":"<div data-elementor-type=\"wp-page\" data-elementor-id=\"2314\" class=\"elementor elementor-2314\" data-elementor-post-type=\"page\">\n\t\t\t\t\t\t<section class=\"elementor-section elementor-top-section elementor-element elementor-element-2e30d091 elementor-section-full_width elementor-reverse-tablet elementor-reverse-mobile elementor-section-height-default elementor-section-height-default\" data-id=\"2e30d091\" data-element_type=\"section\" data-e-type=\"section\" data-settings=\"{&quot;background_background&quot;:&quot;classic&quot;}\">\n\t\t\t\t\t\t<div class=\"elementor-container elementor-column-gap-default\">\n\t\t\t\t\t<div class=\"elementor-column elementor-col-50 elementor-top-column elementor-element elementor-element-6609ea08\" data-id=\"6609ea08\" data-element_type=\"column\" data-e-type=\"column\">\n\t\t\t<div class=\"elementor-widget-wrap elementor-element-populated\">\n\t\t\t\t\t\t<div class=\"elementor-element elementor-element-659367cd elementor-widget elementor-widget-hub_fancy_heading\" data-id=\"659367cd\" data-element_type=\"widget\" data-e-type=\"widget\" data-widget_type=\"hub_fancy_heading.default\">\n\t\t\t\t<div class=\"elementor-widget-container\">\n\t\t\t\t\t\n\t\t<div id=\"ld-fancy-heading-69e9aa4258176\" class=\"ld-fancy-heading pos-rel\">\n\t\t\t<h2 class=\"ld-fh-element d-inline-block pos-rel  elementor-heading-title lqd-highlight-classic lqd-highlight-grow-left h2\"  > La Ciudad Perdida del Dios Mono \u2013 El Musical\n<\/h2>\t\t<\/div>\n\n\t\t\t\t\t\t<\/div>\n\t\t\t\t<\/div>\n\t\t\t\t<div class=\"elementor-element elementor-element-d0fbb07 elementor-widget elementor-widget-hub_fancy_heading\" data-id=\"d0fbb07\" data-element_type=\"widget\" data-e-type=\"widget\" data-widget_type=\"hub_fancy_heading.default\">\n\t\t\t\t<div class=\"elementor-widget-container\">\n\t\t\t\t\t\n\t\t<div id=\"ld-fancy-heading-69e9aa4258fa8\" class=\"ld-fancy-heading pos-rel\">\n\t\t\t<p class=\"ld-fh-element d-inline-block pos-rel  lqd-highlight-classic lqd-highlight-grow-left p\"  > Se trata de un musical basado en un hallazgo arqueol\u00f3gico de 2015 que hace vibrar el Nueva York de los a\u00f1os 40<\/p>\t\t<\/div>\n\n\t\t\t\t\t\t<\/div>\n\t\t\t\t<\/div>\n\t\t\t\t<div class=\"elementor-element elementor-element-0372b12 elementor-widget elementor-widget-ld_list\" data-id=\"0372b12\" data-element_type=\"widget\" data-e-type=\"widget\" data-widget_type=\"ld_list.default\">\n\t\t\t\t<div class=\"elementor-widget-container\">\n\t\t\t\t\t\t\t\n\t\t<div class=\"lqd-bullet-list\">\n\t\t\t<ul class=\"bullet-list-ul reset-ul\">\n\t\t\t\t\t\t\t\t\t\t<li class=\"d-flex align-items-center\">- Este musical necesitar\u00e1 una orquesta sinf\u00f3nica, una orquesta de jazz, una banda de pop, un coro, un aproximado de 60 solistas. Tiene partes habladas y partes cantadas. Muy digno de un estreno en Broadway en Nueva York.<\/li>\n\t\t\t\t\t\t\t\t\t\t<li class=\"d-flex align-items-center\">- Clave - do menor, la mayor, do sostenido menor, fa mayor, fa sostenido menor, mib mayor, mi menor, si menor, re mayor<\/li>\n\t\t\t\t\t\t\t\t\t\t<li class=\"d-flex align-items-center\">- Longitud aprox. 90 minutos<\/li>\n\t\t\t\t\t\t\t<\/ul>\n\t\t<\/div>\n\n\t\t\t\t\t\t<\/div>\n\t\t\t\t<\/div>\n\t\t\t\t<div class=\"elementor-element elementor-element-17eb036d elementor-widget elementor-widget-ld_button\" data-id=\"17eb036d\" data-element_type=\"widget\" data-e-type=\"widget\" data-widget_type=\"ld_button.default\">\n\t\t\t\t<div class=\"elementor-widget-container\">\n\t\t\t\t\t\n\t\t\t<a\n\t\t\t\thref=\"mailto:moisessanchezmspro@gmail.com\"class=\"elementor-button btn btn-solid btn-hover-txt-liquid-y btn-icon-shaped btn-has-label\"\t\t\t>\n\t\t\t\t\t\t\t\t\t<span data-text=\"PDFs for purchase. Inquire\" class=\"btn-txt\" data-transition-delay=\"true\" data-delay-options=\"{&quot;elements&quot;: &quot;.lqd-chars&quot;, &quot;delayType&quot;: &quot;animation&quot;, &quot;startDelay&quot;: 0, &quot;delayBetween&quot;: 32.5}\" data-split-text=\"true\" data-split-options=\"{&quot;type&quot;: &quot;chars, words&quot;}\">\n\t\t\t\t\t\tPDF para comprar. Preguntar\t\t\t\t\t<\/span>\n\t\t\t\t\t\t\t\t\t\t\t<\/a>\n\t\t\t\t\t\t\t<\/div>\n\t\t\t\t<\/div>\n\t\t\t\t\t<\/div>\n\t\t<\/div>\n\t\t\t\t<div class=\"elementor-column elementor-col-50 elementor-top-column elementor-element elementor-element-1fa7d7cf\" data-id=\"1fa7d7cf\" data-element_type=\"column\" data-e-type=\"column\" data-settings=\"{&quot;background_background&quot;:&quot;classic&quot;}\">\n\t\t\t<div class=\"elementor-widget-wrap elementor-element-populated\">\n\t\t\t\t\t\t<div class=\"elementor-element elementor-element-d3b92c0 elementor-widget elementor-widget-image\" data-id=\"d3b92c0\" data-element_type=\"widget\" data-e-type=\"widget\" data-widget_type=\"image.default\">\n\t\t\t\t<div class=\"elementor-widget-container\">\n\t\t\t\t\t\t\t\t\t\t\t\t\t\t\t<img fetchpriority=\"high\" decoding=\"async\" width=\"396\" height=\"396\" src=\"https:\/\/moisessanchezms.com\/wp-content\/uploads\/2023\/03\/17.png\" class=\"attachment-large size-large wp-image-2133\" alt=\"\" srcset=\"https:\/\/moisessanchezms.com\/wp-content\/uploads\/2023\/03\/17.png 396w, https:\/\/moisessanchezms.com\/wp-content\/uploads\/2023\/03\/17-300x300.png 300w, https:\/\/moisessanchezms.com\/wp-content\/uploads\/2023\/03\/17-150x150.png 150w, https:\/\/moisessanchezms.com\/wp-content\/uploads\/2023\/03\/17-320x320.png 320w, https:\/\/moisessanchezms.com\/wp-content\/uploads\/2023\/03\/17-12x12.png 12w\" sizes=\"(max-width: 396px) 100vw, 396px\" \/>\t\t\t\t\t\t\t\t\t\t\t\t\t\t\t<\/div>\n\t\t\t\t<\/div>\n\t\t\t\t<div class=\"elementor-element elementor-element-d43845e elementor-widget elementor-widget-hub_fancy_heading\" data-id=\"d43845e\" data-element_type=\"widget\" data-e-type=\"widget\" data-widget_type=\"hub_fancy_heading.default\">\n\t\t\t\t<div class=\"elementor-widget-container\">\n\t\t\t\t\t\n\t\t<div id=\"ld-fancy-heading-69e9aa425dbd5\" class=\"ld-fancy-heading pos-rel\">\n\t\t\t<h2 class=\"ld-fh-element d-inline-block pos-rel  elementor-heading-title lqd-highlight-classic lqd-highlight-grow-left h2\"  > Compositor Mois\u00e9s S\u00e1nchez\n<\/h2>\t\t<\/div>\n\n\t\t\t\t\t\t<\/div>\n\t\t\t\t<\/div>\n\t\t\t\t\t<\/div>\n\t\t<\/div>\n\t\t\t\t\t<\/div>\n\t\t<\/section>\n\t\t\t\t<section class=\"elementor-section elementor-top-section elementor-element elementor-element-afb9dcd elementor-section-boxed elementor-section-height-default elementor-section-height-default\" data-id=\"afb9dcd\" data-element_type=\"section\" data-e-type=\"section\" data-settings=\"{&quot;background_background&quot;:&quot;classic&quot;}\">\n\t\t\t\t\t\t<div class=\"elementor-container elementor-column-gap-default\">\n\t\t\t\t\t<div class=\"elementor-column elementor-col-100 elementor-top-column elementor-element elementor-element-220f268\" data-id=\"220f268\" data-element_type=\"column\" data-e-type=\"column\">\n\t\t\t<div class=\"elementor-widget-wrap elementor-element-populated\">\n\t\t\t\t\t\t<div class=\"elementor-element elementor-element-6c7c0ff elementor-widget elementor-widget-hub_fancy_heading\" data-id=\"6c7c0ff\" data-element_type=\"widget\" data-e-type=\"widget\" data-widget_type=\"hub_fancy_heading.default\">\n\t\t\t\t<div class=\"elementor-widget-container\">\n\t\t\t\t\t\n\t\t<div id=\"ld-fancy-heading-69e9aa425e990\" class=\"ld-fancy-heading pos-rel\">\n\t\t\t<p class=\"ld-fh-element d-inline-block pos-rel  lqd-highlight-classic lqd-highlight-grow-left p\"  > Nota del programa\n<\/p>\t\t<\/div>\n\n\t\t\t\t\t\t<\/div>\n\t\t\t\t<\/div>\n\t\t\t\t<div class=\"elementor-element elementor-element-cbf43cf elementor-widget elementor-widget-text-editor\" data-id=\"cbf43cf\" data-element_type=\"widget\" data-e-type=\"widget\" data-widget_type=\"text-editor.default\">\n\t\t\t\t<div class=\"elementor-widget-container\">\n\t\t\t\t\t\t\t\t\tEn 2015 se oficializ\u00f3 el descubrimiento de la Ciudad Blanca, tambi\u00e9n conocida como la ciudad perdida del dios mono. Luego de este anuncio oficial me dediqu\u00e9 a investigar profundamente sobre este descubrimiento para componer este musical. Me llen\u00f3 de mucho inter\u00e9s saber que hab\u00eda una conexi\u00f3n con el Nueva York de los a\u00f1os 40, porque curiosamente en 1933 se hab\u00eda estrenado la pel\u00edcula King Kong en el Radio City Music Hall de Nueva York. Tambi\u00e9n me llen\u00f3 de gran inter\u00e9s saber que los elementos tecnol\u00f3gicos de nuestro tiempo ayudaron a descubrir esta maravillosa ciudad perdida.\t\t\t\t\t\t\t\t<\/div>\n\t\t\t\t<\/div>\n\t\t\t\t<div class=\"elementor-element elementor-element-20db741 elementor-widget elementor-widget-text-editor\" data-id=\"20db741\" data-element_type=\"widget\" data-e-type=\"widget\" data-widget_type=\"text-editor.default\">\n\t\t\t\t<div class=\"elementor-widget-container\">\n\t\t\t\t\t\t\t\t\tEn la fase final del proceso de composici\u00f3n me reun\u00ed con Steve Elkins, el explorador que descubri\u00f3 la ciudad perdida, le mostr\u00e9 mi libreto musical y le cont\u00e9 c\u00f3mo se iba armando la historia. Me encant\u00f3 ver su cara de felicidad cuando se dio cuenta de lo que estaba haciendo, de hecho, lo invit\u00e9 a grabar la narraci\u00f3n de apertura de mi musical en el estudio de grabaci\u00f3n, lo cual fue una experiencia maravillosa poder grabar su voz.\n\t\t\t\t\t\t\t\t<\/div>\n\t\t\t\t<\/div>\n\t\t\t\t<section class=\"elementor-section elementor-inner-section elementor-element elementor-element-3b990d6 elementor-section-boxed elementor-section-height-default elementor-section-height-default\" data-id=\"3b990d6\" data-element_type=\"section\" data-e-type=\"section\">\n\t\t\t\t\t\t<div class=\"elementor-container elementor-column-gap-default\">\n\t\t\t\t\t<div class=\"elementor-column elementor-col-50 elementor-inner-column elementor-element elementor-element-222ab27\" data-id=\"222ab27\" data-element_type=\"column\" data-e-type=\"column\">\n\t\t\t<div class=\"elementor-widget-wrap elementor-element-populated\">\n\t\t\t\t\t\t<div class=\"elementor-element elementor-element-810d890 elementor-widget elementor-widget-hub_fancy_heading\" data-id=\"810d890\" data-element_type=\"widget\" data-e-type=\"widget\" data-widget_type=\"hub_fancy_heading.default\">\n\t\t\t\t<div class=\"elementor-widget-container\">\n\t\t\t\t\t\n\t\t<div id=\"ld-fancy-heading-69e9aa4261345\" class=\"ld-fancy-heading pos-rel\">\n\t\t\t<h6 class=\"ld-fh-element d-inline-block pos-rel  elementor-heading-title lqd-highlight-classic lqd-highlight-grow-left h6\"  > Puedes escuchar extractos de mi m\u00fasica en el siguiente <\/h6>\t\t<\/div>\n\n\t\t\t\t\t\t<\/div>\n\t\t\t\t<\/div>\n\t\t\t\t<div class=\"elementor-element elementor-element-e27a30b elementor-widget elementor-widget-hub_fancy_heading\" data-id=\"e27a30b\" data-element_type=\"widget\" data-e-type=\"widget\" data-widget_type=\"hub_fancy_heading.default\">\n\t\t\t\t<div class=\"elementor-widget-container\">\n\t\t\t\t\t\n\t\t<div id=\"ld-fancy-heading-69e9aa4262028\" class=\"ld-fancy-heading pos-rel\">\n\t\t\t<h2 class=\"ld-fh-element d-inline-block pos-rel  elementor-heading-title lqd-highlight-classic lqd-highlight-grow-left h2\"  > V\u00eddeos<\/h2>\t\t<\/div>\n\n\t\t\t\t\t\t<\/div>\n\t\t\t\t<\/div>\n\t\t<div class=\"elementor-element elementor-element-7067654 e-flex e-con-boxed e-con e-parent\" data-id=\"7067654\" data-element_type=\"container\" data-e-type=\"container\">\n\t\t\t\t\t<div class=\"e-con-inner\">\n\t\t\t\t<div class=\"elementor-element elementor-element-c59cd2a elementor-widget elementor-widget-video\" data-id=\"c59cd2a\" data-element_type=\"widget\" data-e-type=\"widget\" data-settings=\"{&quot;youtube_url&quot;:&quot;https:\\\/\\\/www.youtube.com\\\/watch?v=1UlaOw98tJY&quot;,&quot;loop&quot;:&quot;yes&quot;,&quot;video_type&quot;:&quot;youtube&quot;,&quot;controls&quot;:&quot;yes&quot;}\" data-widget_type=\"video.default\">\n\t\t\t\t<div class=\"elementor-widget-container\">\n\t\t\t\t\t\t\t<div class=\"elementor-wrapper elementor-open-inline\">\n\t\t\t<div class=\"elementor-video\"><\/div>\t\t<\/div>\n\t\t\t\t\t\t<\/div>\n\t\t\t\t<\/div>\n\t\t\t\t\t<\/div>\n\t\t\t\t<\/div>\n\t\t\t\t\t<\/div>\n\t\t<\/div>\n\t\t\t\t<div class=\"elementor-column elementor-col-50 elementor-inner-column elementor-element elementor-element-ef8edf5\" data-id=\"ef8edf5\" data-element_type=\"column\" data-e-type=\"column\">\n\t\t\t<div class=\"elementor-widget-wrap elementor-element-populated\">\n\t\t\t\t\t\t<section class=\"elementor-section elementor-inner-section elementor-element elementor-element-151c4e7 elementor-section-boxed elementor-section-height-default elementor-section-height-default\" data-id=\"151c4e7\" data-element_type=\"section\" data-e-type=\"section\">\n\t\t\t\t\t\t<div class=\"elementor-container elementor-column-gap-default\">\n\t\t\t\t\t<div class=\"elementor-column elementor-col-100 elementor-inner-column elementor-element elementor-element-6b2e372\" data-id=\"6b2e372\" data-element_type=\"column\" data-e-type=\"column\">\n\t\t\t<div class=\"elementor-widget-wrap elementor-element-populated\">\n\t\t\t\t\t\t<div class=\"elementor-element elementor-element-e5e4a07 elementor-widget elementor-widget-image\" data-id=\"e5e4a07\" data-element_type=\"widget\" data-e-type=\"widget\" data-widget_type=\"image.default\">\n\t\t\t\t<div class=\"elementor-widget-container\">\n\t\t\t\t\t\t\t\t\t\t\t\t\t\t\t<img decoding=\"async\" width=\"768\" height=\"1024\" src=\"https:\/\/moisessanchezms.com\/wp-content\/uploads\/2023\/03\/Moises-y-Steve-768x1024.jpg\" class=\"attachment-large size-large wp-image-2325\" alt=\"\" srcset=\"https:\/\/moisessanchezms.com\/wp-content\/uploads\/2023\/03\/Moises-y-Steve-768x1024.jpg 768w, https:\/\/moisessanchezms.com\/wp-content\/uploads\/2023\/03\/Moises-y-Steve-225x300.jpg 225w, https:\/\/moisessanchezms.com\/wp-content\/uploads\/2023\/03\/Moises-y-Steve-1152x1536.jpg 1152w, https:\/\/moisessanchezms.com\/wp-content\/uploads\/2023\/03\/Moises-y-Steve-9x12.jpg 9w, https:\/\/moisessanchezms.com\/wp-content\/uploads\/2023\/03\/Moises-y-Steve.jpg 1200w\" sizes=\"(max-width: 768px) 100vw, 768px\" \/>\t\t\t\t\t\t\t\t\t\t\t\t\t\t\t<\/div>\n\t\t\t\t<\/div>\n\t\t\t\t<div class=\"elementor-element elementor-element-7d0e8d2 elementor-widget elementor-widget-hub_fancy_heading\" data-id=\"7d0e8d2\" data-element_type=\"widget\" data-e-type=\"widget\" data-widget_type=\"hub_fancy_heading.default\">\n\t\t\t\t<div class=\"elementor-widget-container\">\n\t\t\t\t\t\n\t\t<div id=\"ld-fancy-heading-69e9aa4262db7\" class=\"ld-fancy-heading pos-rel\">\n\t\t\t<h6 class=\"ld-fh-element d-inline-block pos-rel  elementor-heading-title lqd-highlight-classic lqd-highlight-grow-left h6\"  > Mois\u00e9s S\u00e1nchez y Steve Elkins el explorador que descubri\u00f3 La Ciudad Perdida del Dios Mono<\/h6>\t\t<\/div>\n\n\t\t\t\t\t\t<\/div>\n\t\t\t\t<\/div>\n\t\t\t\t\t<\/div>\n\t\t<\/div>\n\t\t\t\t\t<\/div>\n\t\t<\/section>\n\t\t\t\t\t<\/div>\n\t\t<\/div>\n\t\t\t\t\t<\/div>\n\t\t<\/section>\n\t\t\t\t\t<\/div>\n\t\t<\/div>\n\t\t\t\t\t<\/div>\n\t\t<\/section>\n\t\t\t\t<\/div>","protected":false},"excerpt":{"rendered":"<p>The Lost City of The Monkey God \u2013 The Musical It is a musical based on an archeological discovery of 2015 that makes the New York for the 40s throb &#8211; This musical will need a symphony orchestra, a jazz orchestra, pop band, a choir, an approximation of 60 soloists. It has spoken parts and [&hellip;]<\/p>","protected":false},"author":1,"featured_media":0,"parent":0,"menu_order":0,"comment_status":"closed","ping_status":"closed","template":"","meta":{"footnotes":""},"class_list":["post-2314","page","type-page","status-publish","hentry"],"yoast_head":"<!-- This site is optimized with the Yoast SEO plugin v27.2 - https:\/\/yoast.com\/product\/yoast-seo-wordpress\/ -->\n<title>The Lost City of the Monkey God - M O I S E S S A N C H E Z<\/title>\n<meta name=\"robots\" content=\"index, follow, max-snippet:-1, max-image-preview:large, max-video-preview:-1\" \/>\n<link rel=\"canonical\" href=\"https:\/\/moisessanchezms.com\/es\/the-lost-city-of-the-monkey-god\/\" \/>\n<meta property=\"og:locale\" content=\"es_ES\" \/>\n<meta property=\"og:type\" content=\"article\" \/>\n<meta property=\"og:title\" content=\"The Lost City of the Monkey God - M O I S E S S A N C H E Z\" \/>\n<meta property=\"og:description\" content=\"The Lost City of The Monkey God \u2013 The Musical It is a musical based on an archeological discovery of 2015 that makes the New York for the 40s throb &#8211; This musical will need a symphony orchestra, a jazz orchestra, pop band, a choir, an approximation of 60 soloists. It has spoken parts and [&hellip;]\" \/>\n<meta property=\"og:url\" content=\"https:\/\/moisessanchezms.com\/es\/the-lost-city-of-the-monkey-god\/\" \/>\n<meta property=\"og:site_name\" content=\"M O I S E S S A N C H E Z\" \/>\n<meta property=\"article:modified_time\" content=\"2023-04-03T18:24:04+00:00\" \/>\n<meta property=\"og:image\" content=\"https:\/\/moisessanchezms.com\/wp-content\/uploads\/2023\/03\/17.png\" \/>\n\t<meta property=\"og:image:width\" content=\"396\" \/>\n\t<meta property=\"og:image:height\" content=\"396\" \/>\n\t<meta property=\"og:image:type\" content=\"image\/png\" \/>\n<meta name=\"twitter:card\" content=\"summary_large_image\" \/>\n<meta name=\"twitter:label1\" content=\"Tiempo de lectura\" \/>\n\t<meta name=\"twitter:data1\" content=\"2 minutos\" \/>\n<script type=\"application\/ld+json\" class=\"yoast-schema-graph\">{\"@context\":\"https:\/\/schema.org\",\"@graph\":[{\"@type\":\"WebPage\",\"@id\":\"https:\/\/moisessanchezms.com\/en\/the-lost-city-of-the-monkey-god\/\",\"url\":\"https:\/\/moisessanchezms.com\/en\/the-lost-city-of-the-monkey-god\/\",\"name\":\"The Lost City of the Monkey God - M O I S E S S A N C H E Z\",\"isPartOf\":{\"@id\":\"https:\/\/moisessanchezms.com\/en\/#website\"},\"primaryImageOfPage\":{\"@id\":\"https:\/\/moisessanchezms.com\/en\/the-lost-city-of-the-monkey-god\/#primaryimage\"},\"image\":{\"@id\":\"https:\/\/moisessanchezms.com\/en\/the-lost-city-of-the-monkey-god\/#primaryimage\"},\"thumbnailUrl\":\"https:\/\/moisessanchezms.com\/wp-content\/uploads\/2023\/03\/17.png\",\"datePublished\":\"2023-03-19T16:42:48+00:00\",\"dateModified\":\"2023-04-03T18:24:04+00:00\",\"breadcrumb\":{\"@id\":\"https:\/\/moisessanchezms.com\/en\/the-lost-city-of-the-monkey-god\/#breadcrumb\"},\"inLanguage\":\"es\",\"potentialAction\":[{\"@type\":\"ReadAction\",\"target\":[\"https:\/\/moisessanchezms.com\/en\/the-lost-city-of-the-monkey-god\/\"]}]},{\"@type\":\"ImageObject\",\"inLanguage\":\"es\",\"@id\":\"https:\/\/moisessanchezms.com\/en\/the-lost-city-of-the-monkey-god\/#primaryimage\",\"url\":\"https:\/\/moisessanchezms.com\/wp-content\/uploads\/2023\/03\/17.png\",\"contentUrl\":\"https:\/\/moisessanchezms.com\/wp-content\/uploads\/2023\/03\/17.png\"},{\"@type\":\"BreadcrumbList\",\"@id\":\"https:\/\/moisessanchezms.com\/en\/the-lost-city-of-the-monkey-god\/#breadcrumb\",\"itemListElement\":[{\"@type\":\"ListItem\",\"position\":1,\"name\":\"Home\",\"item\":\"https:\/\/moisessanchezms.com\/en\/\"},{\"@type\":\"ListItem\",\"position\":2,\"name\":\"The Lost City of the Monkey God\"}]},{\"@type\":\"WebSite\",\"@id\":\"https:\/\/moisessanchezms.com\/en\/#website\",\"url\":\"https:\/\/moisessanchezms.com\/en\/\",\"name\":\"M O I S E S S A N C H E Z\",\"description\":\"My Life Is Spent Between Music, Cinema And Education\",\"potentialAction\":[{\"@type\":\"SearchAction\",\"target\":{\"@type\":\"EntryPoint\",\"urlTemplate\":\"https:\/\/moisessanchezms.com\/en\/?s={search_term_string}\"},\"query-input\":{\"@type\":\"PropertyValueSpecification\",\"valueRequired\":true,\"valueName\":\"search_term_string\"}}],\"inLanguage\":\"es\"}]}<\/script>\n<!-- \/ Yoast SEO plugin. -->","yoast_head_json":{"title":"The Lost City of the Monkey God - M O I S E S S A N C H E Z","robots":{"index":"index","follow":"follow","max-snippet":"max-snippet:-1","max-image-preview":"max-image-preview:large","max-video-preview":"max-video-preview:-1"},"canonical":"https:\/\/moisessanchezms.com\/es\/the-lost-city-of-the-monkey-god\/","og_locale":"es_ES","og_type":"article","og_title":"The Lost City of the Monkey God - M O I S E S S A N C H E Z","og_description":"The Lost City of The Monkey God \u2013 The Musical It is a musical based on an archeological discovery of 2015 that makes the New York for the 40s throb &#8211; This musical will need a symphony orchestra, a jazz orchestra, pop band, a choir, an approximation of 60 soloists. It has spoken parts and [&hellip;]","og_url":"https:\/\/moisessanchezms.com\/es\/the-lost-city-of-the-monkey-god\/","og_site_name":"M O I S E S S A N C H E Z","article_modified_time":"2023-04-03T18:24:04+00:00","og_image":[{"width":396,"height":396,"url":"https:\/\/moisessanchezms.com\/wp-content\/uploads\/2023\/03\/17.png","type":"image\/png"}],"twitter_card":"summary_large_image","twitter_misc":{"Tiempo de lectura":"2 minutos"},"schema":{"@context":"https:\/\/schema.org","@graph":[{"@type":"WebPage","@id":"https:\/\/moisessanchezms.com\/en\/the-lost-city-of-the-monkey-god\/","url":"https:\/\/moisessanchezms.com\/en\/the-lost-city-of-the-monkey-god\/","name":"The Lost City of the Monkey God - M O I S E S S A N C H E Z","isPartOf":{"@id":"https:\/\/moisessanchezms.com\/en\/#website"},"primaryImageOfPage":{"@id":"https:\/\/moisessanchezms.com\/en\/the-lost-city-of-the-monkey-god\/#primaryimage"},"image":{"@id":"https:\/\/moisessanchezms.com\/en\/the-lost-city-of-the-monkey-god\/#primaryimage"},"thumbnailUrl":"https:\/\/moisessanchezms.com\/wp-content\/uploads\/2023\/03\/17.png","datePublished":"2023-03-19T16:42:48+00:00","dateModified":"2023-04-03T18:24:04+00:00","breadcrumb":{"@id":"https:\/\/moisessanchezms.com\/en\/the-lost-city-of-the-monkey-god\/#breadcrumb"},"inLanguage":"es","potentialAction":[{"@type":"ReadAction","target":["https:\/\/moisessanchezms.com\/en\/the-lost-city-of-the-monkey-god\/"]}]},{"@type":"ImageObject","inLanguage":"es","@id":"https:\/\/moisessanchezms.com\/en\/the-lost-city-of-the-monkey-god\/#primaryimage","url":"https:\/\/moisessanchezms.com\/wp-content\/uploads\/2023\/03\/17.png","contentUrl":"https:\/\/moisessanchezms.com\/wp-content\/uploads\/2023\/03\/17.png"},{"@type":"BreadcrumbList","@id":"https:\/\/moisessanchezms.com\/en\/the-lost-city-of-the-monkey-god\/#breadcrumb","itemListElement":[{"@type":"ListItem","position":1,"name":"Home","item":"https:\/\/moisessanchezms.com\/en\/"},{"@type":"ListItem","position":2,"name":"The Lost City of the Monkey God"}]},{"@type":"WebSite","@id":"https:\/\/moisessanchezms.com\/en\/#website","url":"https:\/\/moisessanchezms.com\/en\/","name":"M O I S E S S A N C H E Z","description":"My Life Is Spent Between Music, Cinema And Education","potentialAction":[{"@type":"SearchAction","target":{"@type":"EntryPoint","urlTemplate":"https:\/\/moisessanchezms.com\/en\/?s={search_term_string}"},"query-input":{"@type":"PropertyValueSpecification","valueRequired":true,"valueName":"search_term_string"}}],"inLanguage":"es"}]}},"_links":{"self":[{"href":"https:\/\/moisessanchezms.com\/es\/wp-json\/wp\/v2\/pages\/2314","targetHints":{"allow":["GET"]}}],"collection":[{"href":"https:\/\/moisessanchezms.com\/es\/wp-json\/wp\/v2\/pages"}],"about":[{"href":"https:\/\/moisessanchezms.com\/es\/wp-json\/wp\/v2\/types\/page"}],"author":[{"embeddable":true,"href":"https:\/\/moisessanchezms.com\/es\/wp-json\/wp\/v2\/users\/1"}],"replies":[{"embeddable":true,"href":"https:\/\/moisessanchezms.com\/es\/wp-json\/wp\/v2\/comments?post=2314"}],"version-history":[{"count":0,"href":"https:\/\/moisessanchezms.com\/es\/wp-json\/wp\/v2\/pages\/2314\/revisions"}],"wp:attachment":[{"href":"https:\/\/moisessanchezms.com\/es\/wp-json\/wp\/v2\/media?parent=2314"}],"curies":[{"name":"wp","href":"https:\/\/api.w.org\/{rel}","templated":true}]}}