{"id":2200,"date":"2023-03-15T17:18:40","date_gmt":"2023-03-15T17:18:40","guid":{"rendered":"https:\/\/moisessanchezms.com\/?page_id=2200"},"modified":"2023-04-03T18:34:25","modified_gmt":"2023-04-03T18:34:25","slug":"tetelestai","status":"publish","type":"page","link":"https:\/\/moisessanchezms.com\/es\/tetelestai\/","title":{"rendered":"Tetelestai"},"content":{"rendered":"<div data-elementor-type=\"wp-page\" data-elementor-id=\"2200\" class=\"elementor elementor-2200\" data-elementor-post-type=\"page\">\n\t\t\t\t\t\t<section class=\"elementor-section elementor-top-section elementor-element elementor-element-2e30d091 elementor-section-full_width elementor-reverse-tablet elementor-reverse-mobile elementor-section-height-default elementor-section-height-default\" data-id=\"2e30d091\" data-element_type=\"section\" data-e-type=\"section\" data-settings=\"{&quot;background_background&quot;:&quot;classic&quot;}\">\n\t\t\t\t\t\t<div class=\"elementor-container elementor-column-gap-default\">\n\t\t\t\t\t<div class=\"elementor-column elementor-col-50 elementor-top-column elementor-element elementor-element-6609ea08\" data-id=\"6609ea08\" data-element_type=\"column\" data-e-type=\"column\">\n\t\t\t<div class=\"elementor-widget-wrap elementor-element-populated\">\n\t\t\t\t\t\t<div class=\"elementor-element elementor-element-659367cd elementor-widget elementor-widget-hub_fancy_heading\" data-id=\"659367cd\" data-element_type=\"widget\" data-e-type=\"widget\" data-widget_type=\"hub_fancy_heading.default\">\n\t\t\t\t<div class=\"elementor-widget-container\">\n\t\t\t\t\t\n\t\t<div id=\"ld-fancy-heading-69e9aa45477ed\" class=\"ld-fancy-heading pos-rel\">\n\t\t\t<h2 class=\"ld-fh-element d-inline-block pos-rel  elementor-heading-title lqd-highlight-classic lqd-highlight-grow-left h2\"  > Tetelestai <\/h2>\t\t<\/div>\n\n\t\t\t\t\t\t<\/div>\n\t\t\t\t<\/div>\n\t\t\t\t<div class=\"elementor-element elementor-element-d0fbb07 elementor-widget elementor-widget-hub_fancy_heading\" data-id=\"d0fbb07\" data-element_type=\"widget\" data-e-type=\"widget\" data-widget_type=\"hub_fancy_heading.default\">\n\t\t\t\t<div class=\"elementor-widget-container\">\n\t\t\t\t\t\n\t\t<div id=\"ld-fancy-heading-69e9aa454848c\" class=\"ld-fancy-heading pos-rel\">\n\t\t\t<p class=\"ld-fh-element d-inline-block pos-rel  lqd-highlight-classic lqd-highlight-grow-left p\"  > Una poderosa pieza de rock sinf\u00f3nico. Se trata de 3 momentos del ser humano. El antes, durante y despu\u00e9s de conocer el significado de la palabra Tetelestai.<\/p>\t\t<\/div>\n\n\t\t\t\t\t\t<\/div>\n\t\t\t\t<\/div>\n\t\t\t\t<div class=\"elementor-element elementor-element-0372b12 elementor-widget elementor-widget-ld_list\" data-id=\"0372b12\" data-element_type=\"widget\" data-e-type=\"widget\" data-widget_type=\"ld_list.default\">\n\t\t\t\t<div class=\"elementor-widget-container\">\n\t\t\t\t\t\t\t\n\t\t<div class=\"lqd-bullet-list\">\n\t\t\t<ul class=\"bullet-list-ul reset-ul\">\n\t\t\t\t\t\t\t\t\t\t<li class=\"d-flex align-items-center\"> Es una pieza para coro, orquesta sinf\u00f3nica, banda de rock, solistas y percusi\u00f3n latina.<\/li>\n\t\t\t\t\t\t\t\t\t\t<li class=\"d-flex align-items-center\">Clave C sostenido menor, C menor, D mayor,<\/li>\n\t\t\t\t\t\t\t\t\t\t<li class=\"d-flex align-items-center\">Longitud aprox. 25:00<\/li>\n\t\t\t\t\t\t\t<\/ul>\n\t\t<\/div>\n\n\t\t\t\t\t\t<\/div>\n\t\t\t\t<\/div>\n\t\t\t\t<div class=\"elementor-element elementor-element-17eb036d elementor-widget elementor-widget-ld_button\" data-id=\"17eb036d\" data-element_type=\"widget\" data-e-type=\"widget\" data-widget_type=\"ld_button.default\">\n\t\t\t\t<div class=\"elementor-widget-container\">\n\t\t\t\t\t\n\t\t\t<a\n\t\t\t\thref=\"mailto:moisessanchezmspro@gmail.com\"class=\"elementor-button btn btn-solid btn-hover-txt-liquid-y btn-icon-shaped btn-has-label\"\t\t\t>\n\t\t\t\t\t\t\t\t\t<span data-text=\"PDFs for purchase. Inquire\" class=\"btn-txt\" data-transition-delay=\"true\" data-delay-options=\"{&quot;elements&quot;: &quot;.lqd-chars&quot;, &quot;delayType&quot;: &quot;animation&quot;, &quot;startDelay&quot;: 0, &quot;delayBetween&quot;: 32.5}\" data-split-text=\"true\" data-split-options=\"{&quot;type&quot;: &quot;chars, words&quot;}\">\n\t\t\t\t\t\tPDF para comprar. Preguntar\t\t\t\t\t<\/span>\n\t\t\t\t\t\t\t\t\t\t\t<\/a>\n\t\t\t\t\t\t\t<\/div>\n\t\t\t\t<\/div>\n\t\t\t\t\t<\/div>\n\t\t<\/div>\n\t\t\t\t<div class=\"elementor-column elementor-col-50 elementor-top-column elementor-element elementor-element-1fa7d7cf\" data-id=\"1fa7d7cf\" data-element_type=\"column\" data-e-type=\"column\" data-settings=\"{&quot;background_background&quot;:&quot;classic&quot;}\">\n\t\t\t<div class=\"elementor-widget-wrap elementor-element-populated\">\n\t\t\t\t\t\t<div class=\"elementor-element elementor-element-d3b92c0 elementor-widget elementor-widget-image\" data-id=\"d3b92c0\" data-element_type=\"widget\" data-e-type=\"widget\" data-widget_type=\"image.default\">\n\t\t\t\t<div class=\"elementor-widget-container\">\n\t\t\t\t\t\t\t\t\t\t\t\t\t\t\t<img fetchpriority=\"high\" decoding=\"async\" width=\"396\" height=\"396\" src=\"https:\/\/moisessanchezms.com\/wp-content\/uploads\/2023\/03\/10.png\" class=\"attachment-large size-large wp-image-2126\" alt=\"\" srcset=\"https:\/\/moisessanchezms.com\/wp-content\/uploads\/2023\/03\/10.png 396w, https:\/\/moisessanchezms.com\/wp-content\/uploads\/2023\/03\/10-300x300.png 300w, https:\/\/moisessanchezms.com\/wp-content\/uploads\/2023\/03\/10-150x150.png 150w, https:\/\/moisessanchezms.com\/wp-content\/uploads\/2023\/03\/10-320x320.png 320w, https:\/\/moisessanchezms.com\/wp-content\/uploads\/2023\/03\/10-12x12.png 12w\" sizes=\"(max-width: 396px) 100vw, 396px\" \/>\t\t\t\t\t\t\t\t\t\t\t\t\t\t\t<\/div>\n\t\t\t\t<\/div>\n\t\t\t\t<div class=\"elementor-element elementor-element-d43845e elementor-widget elementor-widget-hub_fancy_heading\" data-id=\"d43845e\" data-element_type=\"widget\" data-e-type=\"widget\" data-widget_type=\"hub_fancy_heading.default\">\n\t\t\t\t<div class=\"elementor-widget-container\">\n\t\t\t\t\t\n\t\t<div id=\"ld-fancy-heading-69e9aa454af36\" class=\"ld-fancy-heading pos-rel\">\n\t\t\t<h2 class=\"ld-fh-element d-inline-block pos-rel  elementor-heading-title lqd-highlight-classic lqd-highlight-grow-left h2\"  > Compositor Mois\u00e9s S\u00e1nchez\n<\/h2>\t\t<\/div>\n\n\t\t\t\t\t\t<\/div>\n\t\t\t\t<\/div>\n\t\t\t\t\t<\/div>\n\t\t<\/div>\n\t\t\t\t\t<\/div>\n\t\t<\/section>\n\t\t\t\t<section class=\"elementor-section elementor-top-section elementor-element elementor-element-afb9dcd elementor-section-boxed elementor-section-height-default elementor-section-height-default\" data-id=\"afb9dcd\" data-element_type=\"section\" data-e-type=\"section\" data-settings=\"{&quot;background_background&quot;:&quot;classic&quot;}\">\n\t\t\t\t\t\t<div class=\"elementor-container elementor-column-gap-default\">\n\t\t\t\t\t<div class=\"elementor-column elementor-col-100 elementor-top-column elementor-element elementor-element-220f268\" data-id=\"220f268\" data-element_type=\"column\" data-e-type=\"column\">\n\t\t\t<div class=\"elementor-widget-wrap elementor-element-populated\">\n\t\t\t\t\t\t<section class=\"elementor-section elementor-inner-section elementor-element elementor-element-3b990d6 elementor-section-boxed elementor-section-height-default elementor-section-height-default\" data-id=\"3b990d6\" data-element_type=\"section\" data-e-type=\"section\">\n\t\t\t\t\t\t<div class=\"elementor-container elementor-column-gap-default\">\n\t\t\t\t\t<div class=\"elementor-column elementor-col-100 elementor-inner-column elementor-element elementor-element-222ab27\" data-id=\"222ab27\" data-element_type=\"column\" data-e-type=\"column\">\n\t\t\t<div class=\"elementor-widget-wrap elementor-element-populated\">\n\t\t\t\t\t\t<div class=\"elementor-element elementor-element-cd41f3a elementor-widget elementor-widget-hub_fancy_heading\" data-id=\"cd41f3a\" data-element_type=\"widget\" data-e-type=\"widget\" data-widget_type=\"hub_fancy_heading.default\">\n\t\t\t\t<div class=\"elementor-widget-container\">\n\t\t\t\t\t\n\t\t<div id=\"ld-fancy-heading-69e9aa454c293\" class=\"ld-fancy-heading pos-rel\">\n\t\t\t<h6 class=\"ld-fh-element d-inline-block pos-rel  elementor-heading-title lqd-highlight-classic lqd-highlight-grow-left h6\"  > Discograf\u00eda<\/h6>\t\t<\/div>\n\n\t\t\t\t\t\t<\/div>\n\t\t\t\t<\/div>\n\t\t\t\t<div class=\"elementor-element elementor-element-6dd40b0 elementor-widget elementor-widget-hub_fancy_heading\" data-id=\"6dd40b0\" data-element_type=\"widget\" data-e-type=\"widget\" data-widget_type=\"hub_fancy_heading.default\">\n\t\t\t\t<div class=\"elementor-widget-container\">\n\t\t\t\t\t\n\t\t<div id=\"ld-fancy-heading-69e9aa454d241\" class=\"ld-fancy-heading pos-rel\">\n\t\t\t<h2 class=\"ld-fh-element d-inline-block pos-rel  elementor-heading-title lqd-highlight-classic lqd-highlight-grow-left h2\"  > Esc\u00fachalo en Soundcloud<\/h2>\t\t<\/div>\n\n\t\t\t\t\t\t<\/div>\n\t\t\t\t<\/div>\n\t\t\t\t\t<\/div>\n\t\t<\/div>\n\t\t\t\t\t<\/div>\n\t\t<\/section>\n\t\t\t\t<section class=\"elementor-section elementor-inner-section elementor-element elementor-element-5673ebe elementor-section-boxed elementor-section-height-default elementor-section-height-default\" data-id=\"5673ebe\" data-element_type=\"section\" data-e-type=\"section\">\n\t\t\t\t\t\t<div class=\"elementor-container elementor-column-gap-default\">\n\t\t\t\t\t<div class=\"elementor-column elementor-col-50 elementor-inner-column elementor-element elementor-element-fcafdb2\" data-id=\"fcafdb2\" data-element_type=\"column\" data-e-type=\"column\">\n\t\t\t<div class=\"elementor-widget-wrap elementor-element-populated\">\n\t\t\t\t\t\t<div class=\"elementor-element elementor-element-820c74c elementor-widget elementor-widget-html\" data-id=\"820c74c\" data-element_type=\"widget\" data-e-type=\"widget\" data-settings=\"{&quot;sticky&quot;:&quot;top&quot;,&quot;sticky_on&quot;:[&quot;desktop&quot;,&quot;tablet&quot;],&quot;sticky_parent&quot;:&quot;yes&quot;,&quot;sticky_offset&quot;:0,&quot;sticky_effects_offset&quot;:0,&quot;sticky_anchor_link_offset&quot;:0}\" data-widget_type=\"html.default\">\n\t\t\t\t<div class=\"elementor-widget-container\">\n\t\t\t\t\t<iframe width=\"100%\" height=\"300\" scrolling=\"no\" frameborder=\"no\" allow=\"autoplay\" src=\"https:\/\/w.soundcloud.com\/player\/?url=https%3A\/\/api.soundcloud.com\/tracks\/144739445&color=%23ff5500&auto_play=false&hide_related=false&show_comments=true&show_user=true&show_reposts=false&show_teaser=true&visual=true\"><\/iframe><div style=\"font-size: 10px; color: #cccccc;line-break: anywhere;word-break: normal;overflow: hidden;white-space: nowrap;text-overflow: ellipsis; font-family: Interstate,Lucida Grande,Lucida Sans Unicode,Lucida Sans,Garuda,Verdana,Tahoma,sans-serif;font-weight: 100;\"><a href=\"https:\/\/soundcloud.com\/vinodepiano\" title=\"vinodepiano\" target=\"_blank\" style=\"color: #cccccc; text-decoration: none;\">vinodepiano<\/a> \u00b7 <a href=\"https:\/\/soundcloud.com\/vinodepiano\/tetelestai\" title=\"TETELESTAI\" target=\"_blank\" style=\"color: #cccccc; text-decoration: none;\">TETELESTAI<\/a><\/div>\t\t\t\t<\/div>\n\t\t\t\t<\/div>\n\t\t\t\t\t<\/div>\n\t\t<\/div>\n\t\t\t\t<div class=\"elementor-column elementor-col-50 elementor-inner-column elementor-element elementor-element-eeeeb5a\" data-id=\"eeeeb5a\" data-element_type=\"column\" data-e-type=\"column\">\n\t\t\t<div class=\"elementor-widget-wrap elementor-element-populated\">\n\t\t\t\t\t\t<div class=\"elementor-element elementor-element-6c7c0ff elementor-widget elementor-widget-hub_fancy_heading\" data-id=\"6c7c0ff\" data-element_type=\"widget\" data-e-type=\"widget\" data-widget_type=\"hub_fancy_heading.default\">\n\t\t\t\t<div class=\"elementor-widget-container\">\n\t\t\t\t\t\n\t\t<div id=\"ld-fancy-heading-69e9aa454e720\" class=\"ld-fancy-heading pos-rel\">\n\t\t\t<p class=\"ld-fh-element d-inline-block pos-rel  lqd-highlight-classic lqd-highlight-grow-left p\"  > Nota del programa\n<\/p>\t\t<\/div>\n\n\t\t\t\t\t\t<\/div>\n\t\t\t\t<\/div>\n\t\t\t\t<div class=\"elementor-element elementor-element-cbf43cf elementor-widget elementor-widget-text-editor\" data-id=\"cbf43cf\" data-element_type=\"widget\" data-e-type=\"widget\" data-widget_type=\"text-editor.default\">\n\t\t\t\t<div class=\"elementor-widget-container\">\n\t\t\t\t\t\t\t\t\tCompuse esta obra musical en 2013. He sido un hombre muy curioso sobre el origen de las palabras, y siempre recurro a la etimolog\u00eda. Recuerdo que un orador de Espa\u00f1a estaba hablando en profundidad sobre los sufrimientos cient\u00edficos de Cristo, me llam\u00f3 la atenci\u00f3n cuando mencion\u00f3 la palabra Tetelestai, que es el griego para la \u00faltima frase que dijo Jesucristo antes de morir. Desde ese momento me propuse investigar todo acerca de ese acto de crucifixi\u00f3n, muerte y resurrecci\u00f3n. Entendiendo esto, me propuse ver los efectos en las personas antes, durante y despu\u00e9s de conocer la muerte y resurrecci\u00f3n de Cristo y c\u00f3mo adoptan esto para sus vidas. Mi obra, a pesar de tocar un tema religioso, no es una pieza religiosa, es una pieza que a trav\u00e9s de 5 movimientos describe esos 3 estados del ser humano.\t\t\t\t\t\t\t\t<\/div>\n\t\t\t\t<\/div>\n\t\t\t\t<div class=\"elementor-element elementor-element-4be6279 elementor-widget elementor-widget-spacer\" data-id=\"4be6279\" data-element_type=\"widget\" data-e-type=\"widget\" data-widget_type=\"spacer.default\">\n\t\t\t\t<div class=\"elementor-widget-container\">\n\t\t\t\t\t\t\t<div class=\"elementor-spacer\">\n\t\t\t<div class=\"elementor-spacer-inner\"><\/div>\n\t\t<\/div>\n\t\t\t\t\t\t<\/div>\n\t\t\t\t<\/div>\n\t\t\t\t<div class=\"elementor-element elementor-element-3659d12 elementor-widget elementor-widget-text-editor\" data-id=\"3659d12\" data-element_type=\"widget\" data-e-type=\"widget\" data-widget_type=\"text-editor.default\">\n\t\t\t\t<div class=\"elementor-widget-container\">\n\t\t\t\t\t\t\t\t\tDe manera metaf\u00f3rica he colocado una ciudad moral dentro del ser humano que es devastada por las rocas que le caen encima. Llamaremos rocas a los efectos destructivos de nuestros actos negativos. La ciudad se siente destruida por una lluvia de rocas porque la ley de la gravedad no favorece. La frustraci\u00f3n provoca que los seres humanos se conviertan en seres malos y despiadados capaces de todo, pero llega el momento en que conocen el significado de la palabra Telelestai y entran en un estado de gravedad cero donde las rocas ya no caen, esto da paso a una Explosi\u00f3n en el universo. donde hay una luminosidad que proviene de la Supernova donde la vieja estrella muri\u00f3, explot\u00f3 y dio paso a una nueva estrella.\t\t\t\t\t\t\t\t<\/div>\n\t\t\t\t<\/div>\n\t\t\t\t\t<\/div>\n\t\t<\/div>\n\t\t\t\t\t<\/div>\n\t\t<\/section>\n\t\t\t\t\t<\/div>\n\t\t<\/div>\n\t\t\t\t\t<\/div>\n\t\t<\/section>\n\t\t\t\t<\/div>","protected":false},"excerpt":{"rendered":"<p>Tetelestai A powerful piece of symphonic rock. It is about 3 moments of the human being. The before, during and after knowing the meaning of the word Tetelestai. It is a piece for choir, symphony orchestra, rock band, soloists and Latin percussion Key C sharp minor, C minor, D major, Length ca. 25:00 PDFs for [&hellip;]<\/p>","protected":false},"author":1,"featured_media":0,"parent":0,"menu_order":0,"comment_status":"closed","ping_status":"closed","template":"","meta":{"footnotes":""},"class_list":["post-2200","page","type-page","status-publish","hentry"],"yoast_head":"<!-- This site is optimized with the Yoast SEO plugin v27.2 - https:\/\/yoast.com\/product\/yoast-seo-wordpress\/ -->\n<title>Tetelestai - M O I S E S S A N C H E Z<\/title>\n<meta name=\"robots\" content=\"index, follow, max-snippet:-1, max-image-preview:large, max-video-preview:-1\" \/>\n<link rel=\"canonical\" href=\"https:\/\/moisessanchezms.com\/es\/tetelestai\/\" \/>\n<meta property=\"og:locale\" content=\"es_ES\" \/>\n<meta property=\"og:type\" content=\"article\" \/>\n<meta property=\"og:title\" content=\"Tetelestai - M O I S E S S A N C H E Z\" \/>\n<meta property=\"og:description\" content=\"Tetelestai A powerful piece of symphonic rock. It is about 3 moments of the human being. The before, during and after knowing the meaning of the word Tetelestai. It is a piece for choir, symphony orchestra, rock band, soloists and Latin percussion Key C sharp minor, C minor, D major, Length ca. 25:00 PDFs for [&hellip;]\" \/>\n<meta property=\"og:url\" content=\"https:\/\/moisessanchezms.com\/es\/tetelestai\/\" \/>\n<meta property=\"og:site_name\" content=\"M O I S E S S A N C H E Z\" \/>\n<meta property=\"article:modified_time\" content=\"2023-04-03T18:34:25+00:00\" \/>\n<meta property=\"og:image\" content=\"https:\/\/moisessanchezms.com\/wp-content\/uploads\/2023\/03\/10.png\" \/>\n\t<meta property=\"og:image:width\" content=\"396\" \/>\n\t<meta property=\"og:image:height\" content=\"396\" \/>\n\t<meta property=\"og:image:type\" content=\"image\/png\" \/>\n<meta name=\"twitter:card\" content=\"summary_large_image\" \/>\n<meta name=\"twitter:label1\" content=\"Tiempo de lectura\" \/>\n\t<meta name=\"twitter:data1\" content=\"2 minutos\" \/>\n<script type=\"application\/ld+json\" class=\"yoast-schema-graph\">{\"@context\":\"https:\/\/schema.org\",\"@graph\":[{\"@type\":\"WebPage\",\"@id\":\"https:\/\/moisessanchezms.com\/en\/tetelestai\/\",\"url\":\"https:\/\/moisessanchezms.com\/en\/tetelestai\/\",\"name\":\"Tetelestai - M O I S E S S A N C H E Z\",\"isPartOf\":{\"@id\":\"https:\/\/moisessanchezms.com\/en\/#website\"},\"primaryImageOfPage\":{\"@id\":\"https:\/\/moisessanchezms.com\/en\/tetelestai\/#primaryimage\"},\"image\":{\"@id\":\"https:\/\/moisessanchezms.com\/en\/tetelestai\/#primaryimage\"},\"thumbnailUrl\":\"https:\/\/moisessanchezms.com\/wp-content\/uploads\/2023\/03\/10.png\",\"datePublished\":\"2023-03-15T17:18:40+00:00\",\"dateModified\":\"2023-04-03T18:34:25+00:00\",\"breadcrumb\":{\"@id\":\"https:\/\/moisessanchezms.com\/en\/tetelestai\/#breadcrumb\"},\"inLanguage\":\"es\",\"potentialAction\":[{\"@type\":\"ReadAction\",\"target\":[\"https:\/\/moisessanchezms.com\/en\/tetelestai\/\"]}]},{\"@type\":\"ImageObject\",\"inLanguage\":\"es\",\"@id\":\"https:\/\/moisessanchezms.com\/en\/tetelestai\/#primaryimage\",\"url\":\"https:\/\/moisessanchezms.com\/wp-content\/uploads\/2023\/03\/10.png\",\"contentUrl\":\"https:\/\/moisessanchezms.com\/wp-content\/uploads\/2023\/03\/10.png\"},{\"@type\":\"BreadcrumbList\",\"@id\":\"https:\/\/moisessanchezms.com\/en\/tetelestai\/#breadcrumb\",\"itemListElement\":[{\"@type\":\"ListItem\",\"position\":1,\"name\":\"Home\",\"item\":\"https:\/\/moisessanchezms.com\/en\/\"},{\"@type\":\"ListItem\",\"position\":2,\"name\":\"Tetelestai\"}]},{\"@type\":\"WebSite\",\"@id\":\"https:\/\/moisessanchezms.com\/en\/#website\",\"url\":\"https:\/\/moisessanchezms.com\/en\/\",\"name\":\"M O I S E S S A N C H E Z\",\"description\":\"My Life Is Spent Between Music, Cinema And Education\",\"potentialAction\":[{\"@type\":\"SearchAction\",\"target\":{\"@type\":\"EntryPoint\",\"urlTemplate\":\"https:\/\/moisessanchezms.com\/en\/?s={search_term_string}\"},\"query-input\":{\"@type\":\"PropertyValueSpecification\",\"valueRequired\":true,\"valueName\":\"search_term_string\"}}],\"inLanguage\":\"es\"}]}<\/script>\n<!-- \/ Yoast SEO plugin. -->","yoast_head_json":{"title":"Tetelestai - M O I S E S S A N C H E Z","robots":{"index":"index","follow":"follow","max-snippet":"max-snippet:-1","max-image-preview":"max-image-preview:large","max-video-preview":"max-video-preview:-1"},"canonical":"https:\/\/moisessanchezms.com\/es\/tetelestai\/","og_locale":"es_ES","og_type":"article","og_title":"Tetelestai - M O I S E S S A N C H E Z","og_description":"Tetelestai A powerful piece of symphonic rock. It is about 3 moments of the human being. The before, during and after knowing the meaning of the word Tetelestai. It is a piece for choir, symphony orchestra, rock band, soloists and Latin percussion Key C sharp minor, C minor, D major, Length ca. 25:00 PDFs for [&hellip;]","og_url":"https:\/\/moisessanchezms.com\/es\/tetelestai\/","og_site_name":"M O I S E S S A N C H E Z","article_modified_time":"2023-04-03T18:34:25+00:00","og_image":[{"width":396,"height":396,"url":"https:\/\/moisessanchezms.com\/wp-content\/uploads\/2023\/03\/10.png","type":"image\/png"}],"twitter_card":"summary_large_image","twitter_misc":{"Tiempo de lectura":"2 minutos"},"schema":{"@context":"https:\/\/schema.org","@graph":[{"@type":"WebPage","@id":"https:\/\/moisessanchezms.com\/en\/tetelestai\/","url":"https:\/\/moisessanchezms.com\/en\/tetelestai\/","name":"Tetelestai - M O I S E S S A N C H E Z","isPartOf":{"@id":"https:\/\/moisessanchezms.com\/en\/#website"},"primaryImageOfPage":{"@id":"https:\/\/moisessanchezms.com\/en\/tetelestai\/#primaryimage"},"image":{"@id":"https:\/\/moisessanchezms.com\/en\/tetelestai\/#primaryimage"},"thumbnailUrl":"https:\/\/moisessanchezms.com\/wp-content\/uploads\/2023\/03\/10.png","datePublished":"2023-03-15T17:18:40+00:00","dateModified":"2023-04-03T18:34:25+00:00","breadcrumb":{"@id":"https:\/\/moisessanchezms.com\/en\/tetelestai\/#breadcrumb"},"inLanguage":"es","potentialAction":[{"@type":"ReadAction","target":["https:\/\/moisessanchezms.com\/en\/tetelestai\/"]}]},{"@type":"ImageObject","inLanguage":"es","@id":"https:\/\/moisessanchezms.com\/en\/tetelestai\/#primaryimage","url":"https:\/\/moisessanchezms.com\/wp-content\/uploads\/2023\/03\/10.png","contentUrl":"https:\/\/moisessanchezms.com\/wp-content\/uploads\/2023\/03\/10.png"},{"@type":"BreadcrumbList","@id":"https:\/\/moisessanchezms.com\/en\/tetelestai\/#breadcrumb","itemListElement":[{"@type":"ListItem","position":1,"name":"Home","item":"https:\/\/moisessanchezms.com\/en\/"},{"@type":"ListItem","position":2,"name":"Tetelestai"}]},{"@type":"WebSite","@id":"https:\/\/moisessanchezms.com\/en\/#website","url":"https:\/\/moisessanchezms.com\/en\/","name":"M O I S E S S A N C H E Z","description":"My Life Is Spent Between Music, Cinema And Education","potentialAction":[{"@type":"SearchAction","target":{"@type":"EntryPoint","urlTemplate":"https:\/\/moisessanchezms.com\/en\/?s={search_term_string}"},"query-input":{"@type":"PropertyValueSpecification","valueRequired":true,"valueName":"search_term_string"}}],"inLanguage":"es"}]}},"_links":{"self":[{"href":"https:\/\/moisessanchezms.com\/es\/wp-json\/wp\/v2\/pages\/2200","targetHints":{"allow":["GET"]}}],"collection":[{"href":"https:\/\/moisessanchezms.com\/es\/wp-json\/wp\/v2\/pages"}],"about":[{"href":"https:\/\/moisessanchezms.com\/es\/wp-json\/wp\/v2\/types\/page"}],"author":[{"embeddable":true,"href":"https:\/\/moisessanchezms.com\/es\/wp-json\/wp\/v2\/users\/1"}],"replies":[{"embeddable":true,"href":"https:\/\/moisessanchezms.com\/es\/wp-json\/wp\/v2\/comments?post=2200"}],"version-history":[{"count":0,"href":"https:\/\/moisessanchezms.com\/es\/wp-json\/wp\/v2\/pages\/2200\/revisions"}],"wp:attachment":[{"href":"https:\/\/moisessanchezms.com\/es\/wp-json\/wp\/v2\/media?parent=2200"}],"curies":[{"name":"wp","href":"https:\/\/api.w.org\/{rel}","templated":true}]}}